{"id":9837,"date":"2020-09-02T13:14:44","date_gmt":"2020-09-02T11:14:44","guid":{"rendered":"https:\/\/producersart.com\/?post_type=product&#038;p=9837"},"modified":"2020-09-02T13:45:37","modified_gmt":"2020-09-02T11:45:37","slug":"ornament-sublime-2","status":"publish","type":"product","link":"https:\/\/producersart.com\/index.php\/product\/ornament-sublime-2\/","title":{"rendered":"ornament sublime"},"content":{"rendered":"<p>Die Werkreihe \u201eornament sublime\u201c beschreibt den Versuch, symbolbehaftete Ornamente b\u00fcrgerlicher Handwerkstradition von ihrer Funktion und Rolle zu befreien, und so nicht-objekthafte K\u00f6rper zu schaffen, die mit neuen Gef\u00fchlen und Assoziation gef\u00fcllt werden k\u00f6nnen.<br \/>\nDie Arbeiten bestehen aus kreis symmetrischen gedrechselten Holzornamenten, gefertigt aus einem einzigen antiken Eichenstamm.<\/p>\n<p>&nbsp;<\/p>\n<p>Sie stehen im Raum, in einem Garten undurchdringlichen Schattens und harten Lichts, verheerend f\u00fcr die Anmut jeden Blumenlebens, mit diskret inkrustierten Diamanten und B\u00e4ndern oder Ringen oder Ketten oder Kronen aus dicken Perlen um ihren sich w\u00f6lbenden und sich streckenden K\u00f6rper, in erhabener Erstarrung und Verachtung angespannt bis zur Br\u00fcchigkeit und zur Absplitterung des Holzes, geduckt und steif zugleich, gespickt mit abwehrenden Stacheln oder Zacken aus Metall, die ihre unendliche Demut bezeugen, als h\u00e4tte sich die despotische Macht zur\u00fcckgezogen ins einzigartige Muster der Zier, in die Ausstellung einer leeren Festung oder in den bewegungslosen Tanz von Monumenten, die nicht mehr den Dienst der Achtung verlangen sondern den dummen und blinden Blick der Hingabe, auf einer Grenze, auf der sie zu Ornamenten allererst werden: ihre Leistung ist es, keine Bedeutung zu erzeugen, weil sie sich selber nicht mehr ber\u00fchren k\u00f6nnen.<br \/>\n\u2013 Alexander Garc\u00eda D\u00fcttmann<\/p>\n","protected":false},"excerpt":{"rendered":"<p>Die Werkreihe \u201eornament sublime\u201c beschreibt den Versuch, symbolbehaftete Ornamente b\u00fcrgerlicher Handwerkstradition von ihrer Funktion und Rolle zu befreien, und so nicht-objekthafte K\u00f6rper zu schaffen, die mit neuen Gef\u00fchlen und Assoziation gef\u00fcllt werden k\u00f6nnen. Die Arbeiten bestehen aus kreis symmetrischen gedrechselten Holzornamenten, gefertigt aus einem einzigen antiken Eichenstamm. &nbsp; Sie stehen im Raum, in einem Garten [&hellip;]<\/p>\n","protected":false},"featured_media":9834,"template":"","meta":{"_acf_changed":false,"_et_pb_use_builder":"","_et_pb_old_content":"","_et_gb_content_width":""},"product_cat":[29],"product_tag":[],"acf":[],"_links":{"self":[{"href":"https:\/\/producersart.com\/index.php\/wp-json\/wp\/v2\/product\/9837"}],"collection":[{"href":"https:\/\/producersart.com\/index.php\/wp-json\/wp\/v2\/product"}],"about":[{"href":"https:\/\/producersart.com\/index.php\/wp-json\/wp\/v2\/types\/product"}],"wp:featuredmedia":[{"embeddable":true,"href":"https:\/\/producersart.com\/index.php\/wp-json\/wp\/v2\/media\/9834"}],"wp:attachment":[{"href":"https:\/\/producersart.com\/index.php\/wp-json\/wp\/v2\/media?parent=9837"}],"wp:term":[{"taxonomy":"product_cat","embeddable":true,"href":"https:\/\/producersart.com\/index.php\/wp-json\/wp\/v2\/product_cat?post=9837"},{"taxonomy":"product_tag","embeddable":true,"href":"https:\/\/producersart.com\/index.php\/wp-json\/wp\/v2\/product_tag?post=9837"}],"curies":[{"name":"wp","href":"https:\/\/api.w.org\/{rel}","templated":true}]}}