{"id":9543,"date":"2020-07-31T09:55:03","date_gmt":"2020-07-31T07:55:03","guid":{"rendered":"https:\/\/producersart.com\/?post_type=product&#038;p=9543"},"modified":"2022-12-29T23:42:42","modified_gmt":"2022-12-29T22:42:42","slug":"prattigau-248","status":"publish","type":"product","link":"https:\/\/producersart.com\/index.php\/product\/prattigau-248\/","title":{"rendered":"Pr\u00e4ttigau 248"},"content":{"rendered":"<p>Ein immaterieller Vorschlag auf Wei\u00df zu wandeln<\/p>\n<p>Zarte, feine geschnittene Liniengewirre werfen einen leichten Schatten auf den Bildgrund und ziehen sich wie ein all \u00fcberspannendes Netz \u00fcber die Kartenbl\u00e4tter. Sie zeigen die den Bergen \u201eabgetrotzten\u201c oder an sie angelehnte Skirouten. Nicht als materiell vorhandene Transportrwege, sondern als \u201eVorschl\u00e4ge auf wei\u00df\u201c zu wandeln.<br \/>\nGefasst in den Kartenrand, mit all seinen kartographischen Angaben, werden diese Vorschl\u00e4ge f\u00fcr Skirouten als ein vom Menschen entwickeltes Konstrukt sichtbar. Eine vermessene, berechnete und in einen mathematischen Rahmen gefasste Bergwelt.<br \/>\nDer Werkzyklus &quot;Ein immaterieller Vorschlag auf Wei\u00df zu wandeln&quot; umfa\u00dft\u00a0 33 topographischen Kartenbl\u00e4tter des Schweizerischen Bundesamtes f\u00fcr Kartografie und zeigt den Alpenbereich der Schweiz.<\/p>\n","protected":false},"excerpt":{"rendered":"<p>Der Papierschnitt Pr\u00e4ttigau 248&amp; geh\u00f6rt zum WerkzyklusEin immaterieller Vorschlag auf Wei\u00df zu wandel. Der Papierschnitt einer original Schweizer Skitourenkarte erhebt sich plastisch bis zu 2 cm.<\/p>\n","protected":false},"featured_media":9542,"template":"","meta":{"_acf_changed":false,"_et_pb_use_builder":"","_et_pb_old_content":"","_et_gb_content_width":""},"product_cat":[29],"product_tag":[],"acf":[],"_links":{"self":[{"href":"https:\/\/producersart.com\/index.php\/wp-json\/wp\/v2\/product\/9543"}],"collection":[{"href":"https:\/\/producersart.com\/index.php\/wp-json\/wp\/v2\/product"}],"about":[{"href":"https:\/\/producersart.com\/index.php\/wp-json\/wp\/v2\/types\/product"}],"wp:featuredmedia":[{"embeddable":true,"href":"https:\/\/producersart.com\/index.php\/wp-json\/wp\/v2\/media\/9542"}],"wp:attachment":[{"href":"https:\/\/producersart.com\/index.php\/wp-json\/wp\/v2\/media?parent=9543"}],"wp:term":[{"taxonomy":"product_cat","embeddable":true,"href":"https:\/\/producersart.com\/index.php\/wp-json\/wp\/v2\/product_cat?post=9543"},{"taxonomy":"product_tag","embeddable":true,"href":"https:\/\/producersart.com\/index.php\/wp-json\/wp\/v2\/product_tag?post=9543"}],"curies":[{"name":"wp","href":"https:\/\/api.w.org\/{rel}","templated":true}]}}