{"id":9344,"date":"2020-07-06T18:18:01","date_gmt":"2020-07-06T16:18:01","guid":{"rendered":"https:\/\/producersart.com\/?post_type=product&#038;p=9344"},"modified":"2020-08-26T21:26:06","modified_gmt":"2020-08-26T19:26:06","slug":"die-zweite-haut-the-second-skin-2","status":"publish","type":"product","link":"https:\/\/producersart.com\/index.php\/product\/die-zweite-haut-the-second-skin-2\/","title":{"rendered":"Die zweite Haut \/ The second skin"},"content":{"rendered":"<p>Fotografie ist f\u00fcr Eva Schmeckenbecher Thema, Motiv, Medium und Material. Sie\u00a0unterzieht\u00a0Fotoabz\u00fcge physischen, skulpturalen Handlungen und lotet die Grenzen des Mediums aus.<\/p>\n<p>Mit dem Messer tr\u00e4gt sie Teile der Emulsionsschicht ab, h\u00e4utet die Fotografie, legt die Materialit\u00e4t frei.<\/p>\n<p>In ihrer Arbeit\u00a0&#039;Die zweite Haut&#039; bleiben danach lediglich das spinnennetzartige Muster ihres Kleidungsst\u00fccks, die menschliche Haut, die zwischen den Stoffschichten hervorschaut, und Reste der fotografischen \u201eHaut\u201c auf dem gesch\u00e4lten, wei\u00dfen Tr\u00e4gerpapier \u00fcbrig.<\/p>\n<p>Fotografisches Material, menschliche Haut und Stofftextur werden zu einer bildnerischen Einheit.<\/p>\n<p>Die Arbeit ist reliefartig. Sie weist raue Fl\u00e4chen auf ebenso wie glatte.<\/p>\n<p>Durch den Eingriff mit dem Skalpell\u00a0ver\u00e4ndert\u00a0Schmeckenbecher\u00a0die urspr\u00fcngliche Fotografie, erschlie\u00dft weitere\u00a0Bildebenen und erzeugt eine ambivalente Wirkung.<\/p>\n","protected":false},"excerpt":{"rendered":"<p>Skinned photography<\/p>\n","protected":false},"featured_media":9343,"template":"","meta":{"_acf_changed":false,"_et_pb_use_builder":"","_et_pb_old_content":"","_et_gb_content_width":""},"product_cat":[29],"product_tag":[],"acf":[],"_links":{"self":[{"href":"https:\/\/producersart.com\/index.php\/wp-json\/wp\/v2\/product\/9344"}],"collection":[{"href":"https:\/\/producersart.com\/index.php\/wp-json\/wp\/v2\/product"}],"about":[{"href":"https:\/\/producersart.com\/index.php\/wp-json\/wp\/v2\/types\/product"}],"wp:featuredmedia":[{"embeddable":true,"href":"https:\/\/producersart.com\/index.php\/wp-json\/wp\/v2\/media\/9343"}],"wp:attachment":[{"href":"https:\/\/producersart.com\/index.php\/wp-json\/wp\/v2\/media?parent=9344"}],"wp:term":[{"taxonomy":"product_cat","embeddable":true,"href":"https:\/\/producersart.com\/index.php\/wp-json\/wp\/v2\/product_cat?post=9344"},{"taxonomy":"product_tag","embeddable":true,"href":"https:\/\/producersart.com\/index.php\/wp-json\/wp\/v2\/product_tag?post=9344"}],"curies":[{"name":"wp","href":"https:\/\/api.w.org\/{rel}","templated":true}]}}