{"id":8384,"date":"2020-06-24T23:09:34","date_gmt":"2020-06-24T21:09:34","guid":{"rendered":"https:\/\/producersart.com\/index.php\/product\/jalousie-25-marina-abramovich-damien-hirst\/"},"modified":"2022-05-25T20:14:18","modified_gmt":"2022-05-25T18:14:18","slug":"jalousie-25-marina-abramovich-damien-hirst","status":"publish","type":"product","link":"https:\/\/producersart.com\/index.php\/product\/jalousie-25-marina-abramovich-damien-hirst\/","title":{"rendered":"JALOUSIE #25 THE SKULL AND THE ME (Marina Abramovich &amp; Damien Hirst)"},"content":{"rendered":"<p>Stefan Mildenberger<\/p>\n<p>JALOUSIE<\/p>\n<p>2010-[\u2026]\n<p>The ongoing collage series JALOUSIE by Stefan Mildenberger is made of the numerously material of celebrity photography that he found after a time consuming research in the internet. No matter whether from pop, art, politics, sport or church one \u201efemale\u201c and a \u201emale\u201c figure, with a similar historical and social background, in matching poses has been selected and collaged one above the other.<\/p>\n<p>Therefore the pictures were cut into a variety of narrow horizontal stripes. The width of the stripes is always half the size of the diameter of the eyes of the matched characters. From the totality of the stripes of the original images two collages were created in which each figure is 50% embodied. The occurred collage pair is 100% different. The collages are presented next to each other as a diptych. To date, Mildenberger has created over 130 pairs of collages in this way.<\/p>\n<p>Dr. Birgit Wudtke in correspondence with the artist Stefan Mildenberger:<\/p>\n<blockquote class=\"wp-embedded-content\" data-secret=\"XtkfrfS9a3\"><p><a href=\"https:\/\/www.postdigitale-fotokunst.de\/stefan-mildenberger-en\/\">Stefan Mildenberger (EN)<\/a><\/p><\/blockquote>\n<p><iframe class=\"wp-embedded-content\" sandbox=\"allow-scripts\" security=\"restricted\" style=\"position: absolute; clip: rect(1px, 1px, 1px, 1px);\" title=\"&#8222;Stefan Mildenberger (EN)&#8220; &#8212; PhotoArtBLOG\" src=\"https:\/\/www.postdigitale-fotokunst.de\/stefan-mildenberger-en\/embed\/#?secret=XtkfrfS9a3\" data-secret=\"XtkfrfS9a3\" width=\"600\" height=\"338\" frameborder=\"0\" marginwidth=\"0\" marginheight=\"0\" scrolling=\"no\"><\/iframe><\/p>\n<p>Die Basis der fortlaufenden Collagen-Serie JALOUSIE von Stefan Mildenberger sind Celebrity-Fotografien, welche er im Internet zeitaufwendig recherchiert hat. Aus den Sparten Pop, Musik, Kunst, Politik, Sport oder Kirche, wurde jeweils das Bild einer weiblich und einer m\u00e4nnlich gelesenen Person, mit \u00e4hnlichen historischen und gesellschaftlichen Hintergru\u0308nden in u\u0308bereinstimmenden Posen gesucht. Die passenden Bilder wurden in eine Vielzahl schmaler Querstreifen zerlegt und beide u\u0308bereinander collagiert. Die Breite der Querstreifen orientiert sich gr\u00f6\u00dfenm\u00e4\u00dfig stets an der H\u00e4lfte des Durchmessers der Augen der aufeinander abgestimmten Figuren. Aus der Gesamtheit der Querstreifen der jeweiligen Originalbilder wurden schlie\u00dflich zwei Collagen kreiert in denen jede Figur zu 50% enthalten ist. Das entstandene Collagen-Paar ist zu 100% verschieden. Bisher hat Mildenberger auf diese Weise u\u0308ber 130 Collagen-Paare kreiert.<\/p>\n<p>Dr. Birgit Wudtke im Gesr\u00e4ch mit dem K\u00fcnstler Stefan Mildenberger:<\/p>\n<blockquote class=\"wp-embedded-content\" data-secret=\"P9IujDTyRH\"><p><a href=\"https:\/\/www.postdigitale-fotokunst.de\/stefan-mildenberger\/\">Stefan Mildenberger (DE)<\/a><\/p><\/blockquote>\n<p><iframe class=\"wp-embedded-content\" sandbox=\"allow-scripts\" security=\"restricted\" style=\"position: absolute; clip: rect(1px, 1px, 1px, 1px);\" title=\"&#8222;Stefan Mildenberger (DE)&#8220; &#8212; PhotoArtBLOG\" src=\"https:\/\/www.postdigitale-fotokunst.de\/stefan-mildenberger\/embed\/#?secret=P9IujDTyRH\" data-secret=\"P9IujDTyRH\" width=\"600\" height=\"338\" frameborder=\"0\" marginwidth=\"0\" marginheight=\"0\" scrolling=\"no\"><\/iframe><\/p>\n","protected":false},"excerpt":{"rendered":"<p>Stefan Mildenberger JALOUSIE 2010-[\u2026] The ongoing collage series JALOUSIE by Stefan Mildenberger is made of the numerously material of celebrity photography that he found after a time consuming research in the internet. No matter whether from pop, art, politics, sport or church one \u201efemale\u201c and a \u201emale\u201c figure, with a similar historical and social background, [&hellip;]<\/p>\n","protected":false},"featured_media":8321,"template":"","meta":{"_acf_changed":false,"_et_pb_use_builder":"","_et_pb_old_content":"","_et_gb_content_width":""},"product_cat":[29],"product_tag":[],"acf":[],"_links":{"self":[{"href":"https:\/\/producersart.com\/index.php\/wp-json\/wp\/v2\/product\/8384"}],"collection":[{"href":"https:\/\/producersart.com\/index.php\/wp-json\/wp\/v2\/product"}],"about":[{"href":"https:\/\/producersart.com\/index.php\/wp-json\/wp\/v2\/types\/product"}],"wp:featuredmedia":[{"embeddable":true,"href":"https:\/\/producersart.com\/index.php\/wp-json\/wp\/v2\/media\/8321"}],"wp:attachment":[{"href":"https:\/\/producersart.com\/index.php\/wp-json\/wp\/v2\/media?parent=8384"}],"wp:term":[{"taxonomy":"product_cat","embeddable":true,"href":"https:\/\/producersart.com\/index.php\/wp-json\/wp\/v2\/product_cat?post=8384"},{"taxonomy":"product_tag","embeddable":true,"href":"https:\/\/producersart.com\/index.php\/wp-json\/wp\/v2\/product_tag?post=8384"}],"curies":[{"name":"wp","href":"https:\/\/api.w.org\/{rel}","templated":true}]}}