{"id":8247,"date":"2020-06-23T22:41:47","date_gmt":"2020-06-23T20:41:47","guid":{"rendered":"https:\/\/producersart.com\/index.php\/product\/absence-xii\/"},"modified":"2020-07-22T21:09:38","modified_gmt":"2020-07-22T19:09:38","slug":"absence-xii","status":"publish","type":"product","link":"https:\/\/producersart.com\/index.php\/product\/absence-xii\/","title":{"rendered":"Absence XII"},"content":{"rendered":"<p>Absence sieht wie eine Zeichnung oder unscharfe Fotografie aus. Beim N\u00e4herkommen ist die transparente Wachsschicht zu erkennen, die der Arbeit etwas Marmornes verleiht. Beim Lesen des Bildhinweises und dem Erkennen dass es sich um Haare handelt, weichen viele Betrachtende einen Schritt zur\u00fcck. Ich spiele gern mit der Ambivalenz von Haaren, die in ihrer Zartheit verf\u00fchren und gleichzeitig zur\u00fccksto\u00dfen k\u00f6nnen.<\/p>\n","protected":false},"excerpt":{"rendered":"<p>Absence sieht wie eine Zeichnung oder unscharfe Fotografie aus. Beim N\u00e4herkommen ist die transparente Wachsschicht zu erkennen, die der Arbeit etwas Marmornes verleiht. Beim Lesen des Bildhinweises und dem Erkennen dass es sich um Haare handelt, weichen viele Betrachtende einen Schritt zur\u00fcck. Ich spiele gern mit der Ambivalenz von Haaren, die in ihrer Zartheit verf\u00fchren [&hellip;]<\/p>\n","protected":false},"featured_media":8221,"template":"","meta":{"_acf_changed":false,"_et_pb_use_builder":"","_et_pb_old_content":"","_et_gb_content_width":""},"product_cat":[29],"product_tag":[],"acf":[],"_links":{"self":[{"href":"https:\/\/producersart.com\/index.php\/wp-json\/wp\/v2\/product\/8247"}],"collection":[{"href":"https:\/\/producersart.com\/index.php\/wp-json\/wp\/v2\/product"}],"about":[{"href":"https:\/\/producersart.com\/index.php\/wp-json\/wp\/v2\/types\/product"}],"wp:featuredmedia":[{"embeddable":true,"href":"https:\/\/producersart.com\/index.php\/wp-json\/wp\/v2\/media\/8221"}],"wp:attachment":[{"href":"https:\/\/producersart.com\/index.php\/wp-json\/wp\/v2\/media?parent=8247"}],"wp:term":[{"taxonomy":"product_cat","embeddable":true,"href":"https:\/\/producersart.com\/index.php\/wp-json\/wp\/v2\/product_cat?post=8247"},{"taxonomy":"product_tag","embeddable":true,"href":"https:\/\/producersart.com\/index.php\/wp-json\/wp\/v2\/product_tag?post=8247"}],"curies":[{"name":"wp","href":"https:\/\/api.w.org\/{rel}","templated":true}]}}