{"id":7678,"date":"2020-06-19T12:46:23","date_gmt":"2020-06-19T10:46:23","guid":{"rendered":"https:\/\/producersart.com\/index.php\/product\/16-06-07-16-06-14-saarlandisches-kunstlerhaus-saarbrucken\/"},"modified":"2020-08-06T18:59:01","modified_gmt":"2020-08-06T16:59:01","slug":"16-06-07-16-06-14-saarlandisches-kunstlerhaus-saarbrucken","status":"publish","type":"product","link":"https:\/\/producersart.com\/index.php\/product\/16-06-07-16-06-14-saarlandisches-kunstlerhaus-saarbrucken\/","title":{"rendered":"16-06-07 &#8211; 16-06-14 Saarl\u00e4ndisches K\u00fcnstlerhaus, Saarbr\u00fccken"},"content":{"rendered":"","protected":false},"excerpt":{"rendered":"","protected":false},"featured_media":7441,"template":"","meta":{"_acf_changed":false,"_et_pb_use_builder":"","_et_pb_old_content":"","_et_gb_content_width":""},"product_cat":[29],"product_tag":[],"acf":[],"_links":{"self":[{"href":"https:\/\/producersart.com\/index.php\/wp-json\/wp\/v2\/product\/7678"}],"collection":[{"href":"https:\/\/producersart.com\/index.php\/wp-json\/wp\/v2\/product"}],"about":[{"href":"https:\/\/producersart.com\/index.php\/wp-json\/wp\/v2\/types\/product"}],"wp:featuredmedia":[{"embeddable":true,"href":"https:\/\/producersart.com\/index.php\/wp-json\/wp\/v2\/media\/7441"}],"wp:attachment":[{"href":"https:\/\/producersart.com\/index.php\/wp-json\/wp\/v2\/media?parent=7678"}],"wp:term":[{"taxonomy":"product_cat","embeddable":true,"href":"https:\/\/producersart.com\/index.php\/wp-json\/wp\/v2\/product_cat?post=7678"},{"taxonomy":"product_tag","embeddable":true,"href":"https:\/\/producersart.com\/index.php\/wp-json\/wp\/v2\/product_tag?post=7678"}],"curies":[{"name":"wp","href":"https:\/\/api.w.org\/{rel}","templated":true}]}}