{"id":7075,"date":"2020-06-15T18:22:00","date_gmt":"2020-06-15T16:22:00","guid":{"rendered":"https:\/\/producersart.com\/index.php\/product\/cola-sin-color\/"},"modified":"2022-10-18T01:20:17","modified_gmt":"2022-10-17T23:20:17","slug":"cola-sin-color","status":"publish","type":"product","link":"https:\/\/producersart.com\/index.php\/product\/cola-sin-color\/","title":{"rendered":"Cola sin Color"},"content":{"rendered":"<p>&quot;Cola sin Color&quot; was made from and with a lot of patience. There are also accumulations of people in it and it deals with the theme of spatial origin and change. Every spatial change also brings with it a personal and spiritual one. Gonz\u00e1lez, as an immigrant in Germany, is especially concerned about this process of transformation and makes it clear to him that one is always aware of one&#039;s place of origin. The longing for family and friends. An emotional state that worsens when the country is not doing well.<\/p>\n<p>This is how his country of origin has been in latest years, Venezuela. Major economic problems have made social and daily life very difficult. Between 2016 and 2017, inflation grew as fast as the long lines that citizens had to do to buy basic food. \u201cCola sin Color\u201d represents that rhythm of his country and is inspired by a national crisis, moments of tension and social pressure, but also by the typical joy of living that loses a little more every day.<\/p>\n<p>&nbsp;<\/p>\n<p>\u201eCola sin Color\u201c wurde aus und mit viel Geduld hergestellt. Darin finden sich auch Ansammlungen von Menschen und es geht um das Thema r\u00e4umlicher Entstehung und Ver\u00e4nderung. Jede r\u00e4umliche Ver\u00e4nderung bringt auch eine pers\u00f6nliche und geistige mit sich. Gonz\u00e1lez als Einwanderer in Deutschland besch\u00e4ftigt sich besonders mit diesem Transformationsprozess und macht ihm deutlich, dass man den Ort seiner Herkunft immer im Bewusstsein mit sich tr\u00e4gt. Die Sehnsucht nach der Familie und den Freunden. Ein emotionaler Zustand, der schlimmer wird, wenn es der Heimat nicht gut geht.<\/p>\n<p>So war in den letzten Jahren sein Herkunftsland Venezuela. Gro\u00dfe wirtschaftliche Probleme haben das soziale Leben und den Alltag sehr schwer gemacht. Zwischen 2016 und 2017 wuchs die Inflation so schnell wie die langen Schlangen, die die B\u00fcrger anstehen mussten, um Grundnahrungsmittel zu kaufen. \u201eCola sin Color\u201c repr\u00e4sentiert diesen Rhythmus seines Landes und ist inspiriert von einer nationalen Krise, Momenten der Anspannung und des sozialen Drucks. Aber auch von der typischen Lebensfreude, die sich jeden Tag ein wenig mehr verliert.<\/p>\n","protected":false},"excerpt":{"rendered":"<p>Mixed Media on Canvas (watercolor, charcoal, wax crayon and graphite) \/ Mischtechnik auf Leinwand (Aquarell, Kohle, Wachskreide und Graphit), 500 x 140 cm<\/p>\n","protected":false},"featured_media":6793,"template":"","meta":{"_acf_changed":false,"_et_pb_use_builder":"","_et_pb_old_content":"","_et_gb_content_width":""},"product_cat":[],"product_tag":[],"acf":[],"_links":{"self":[{"href":"https:\/\/producersart.com\/index.php\/wp-json\/wp\/v2\/product\/7075"}],"collection":[{"href":"https:\/\/producersart.com\/index.php\/wp-json\/wp\/v2\/product"}],"about":[{"href":"https:\/\/producersart.com\/index.php\/wp-json\/wp\/v2\/types\/product"}],"wp:featuredmedia":[{"embeddable":true,"href":"https:\/\/producersart.com\/index.php\/wp-json\/wp\/v2\/media\/6793"}],"wp:attachment":[{"href":"https:\/\/producersart.com\/index.php\/wp-json\/wp\/v2\/media?parent=7075"}],"wp:term":[{"taxonomy":"product_cat","embeddable":true,"href":"https:\/\/producersart.com\/index.php\/wp-json\/wp\/v2\/product_cat?post=7075"},{"taxonomy":"product_tag","embeddable":true,"href":"https:\/\/producersart.com\/index.php\/wp-json\/wp\/v2\/product_tag?post=7075"}],"curies":[{"name":"wp","href":"https:\/\/api.w.org\/{rel}","templated":true}]}}