{"id":7074,"date":"2020-06-15T18:28:43","date_gmt":"2020-06-15T16:28:43","guid":{"rendered":"https:\/\/producersart.com\/index.php\/product\/revelacion-01-from-the-serie-revelaciones-i\/"},"modified":"2024-07-30T17:21:13","modified_gmt":"2024-07-30T15:21:13","slug":"revelacion-01-from-the-serie-revelaciones-i","status":"publish","type":"product","link":"https:\/\/producersart.com\/index.php\/product\/revelacion-01-from-the-serie-revelaciones-i\/","title":{"rendered":"Revelaci\u00f3n #1 from &#8220;Revelaciones (R.ii)&#8221; Serie"},"content":{"rendered":"<p>I explore my imagination on the times of human migration through visual poetry in order to reflect on man&#039;s relationship to the world from an unknown perspective. Part of my work are series of drawings in which I manipulate information from the connection of candle wax on paper by emphasizing different shapes with graphite, marker, colored pencil and acrylic. In this process I see an analogy to the concept of cartography, in which one can imagine geographical patterns, but also organic forms that refer to the formation and deformation of the human body.<\/p>\n<p>&nbsp;<\/p>\n<p>&lt;strong&gt;REVELACIONES&lt;\/strong&gt; (Revelations \/ Enth\u00fcllungen). From \/Seit 2018<\/p>\n<p>Drawing, Painting (Zeichnung, Malerei)<\/p>\n<p>&nbsp;<\/p>\n<p>&quot;Revelations&quot; is a series of drawings and paintings made particularly with the union of wax and acrylic colors, crayon, markers and pencil on paper. Gonz\u00e1lez is mainly interested in paper found in packaging and on the street. Due to the very delicate materials from which they are made, he considers fragility as a key element to give context to his drawings.<\/p>\n<p>The wax allows working with transparencies and translucent aesthetics. Torn papers are also included. The effect of wax on paper produces a revealing effect: an imaginary close to supposed cartography, figuration and human abstractions. This narrative usually connects with the audience&#039;s knowledge of geography, inviting them to identify, relate or discard forms apparently related to the continents. This situation alludes to the territorial thought, place of origin and sense of belonging that we human beings have in our subconscious.<\/p>\n<p>__<\/p>\n<p>&quot;Enth\u00fcllungen&quot; ist eine Serie von Zeichnungen und Gem\u00e4lden, die insbesondere durch die Vereinigung von Wachs- und Acrylfarben, Buntstiften, Markern und Bleistift auf Papier und Leinwand entstanden sind. Gonz\u00e1lez interessiert sich haupts\u00e4chlich f\u00fcr Papier, das in Verpackungen und auf der Stra\u00dfe gefunden wird. Aufgrund der sehr empfindlichen Materialien, aus denen sie bestehen, betrachtet er Zerbrechlichkeit als Schl\u00fcsselelement, um seinen Zeichnungen einen Kontext zu geben.Das Wachs erm\u00f6glicht das Arbeiten mit Transparenzen und durchscheinender \u00c4sthetik. Zerrissene Papiere sind ebenfalls enthalten. Die Wirkung des Wachses auf dem Papier oder der Leinwand erzeugt eine aufschlussreiche Wirkung: eine imagin\u00e4re N\u00e4he zu vermeintlichen Kartografien, Figurationen und menschlichen Abstraktionen. Diese Erz\u00e4hlung verbindet sich normalerweise mit dem Wissen des Publikums \u00fcber Geographie und l\u00e4dt es ein, Formen zu identifizieren, in Beziehung zu setzen oder zu verwerfen, die scheinbar mit den Kontinenten in Verbindung stehen. Diese Situation spielt auf das Territorialdenken, Herkunfts- und Zugeh\u00f6rigkeitsgef\u00fchl an, das wir Menschen in unserem Unterbewusstsein haben.<\/p>\n<p>&nbsp;<\/p>\n<p>Learn more:\u00a0 &lt;a href=&quot;https:\/\/arnaldogonzalezvisual.com\/revelaciones.html&quot;&gt;https:\/\/arnaldogonzalezvisual.com\/revelaciones.html&lt;\/a&gt;<\/p>\n","protected":false},"excerpt":{"rendered":"<p>&quot;Revelaciones&quot;\u00a0is a serie of mixed media drawings and paintings works  based on human migration and using wax, acrylic colors, crayon, markers and pencil on paper.<\/p>\n","protected":false},"featured_media":18071,"template":"","meta":{"_acf_changed":false,"_et_pb_use_builder":"","_et_pb_old_content":"","_et_gb_content_width":""},"product_cat":[],"product_tag":[],"acf":[],"_links":{"self":[{"href":"https:\/\/producersart.com\/index.php\/wp-json\/wp\/v2\/product\/7074"}],"collection":[{"href":"https:\/\/producersart.com\/index.php\/wp-json\/wp\/v2\/product"}],"about":[{"href":"https:\/\/producersart.com\/index.php\/wp-json\/wp\/v2\/types\/product"}],"wp:featuredmedia":[{"embeddable":true,"href":"https:\/\/producersart.com\/index.php\/wp-json\/wp\/v2\/media\/18071"}],"wp:attachment":[{"href":"https:\/\/producersart.com\/index.php\/wp-json\/wp\/v2\/media?parent=7074"}],"wp:term":[{"taxonomy":"product_cat","embeddable":true,"href":"https:\/\/producersart.com\/index.php\/wp-json\/wp\/v2\/product_cat?post=7074"},{"taxonomy":"product_tag","embeddable":true,"href":"https:\/\/producersart.com\/index.php\/wp-json\/wp\/v2\/product_tag?post=7074"}],"curies":[{"name":"wp","href":"https:\/\/api.w.org\/{rel}","templated":true}]}}