{"id":6454,"date":"2020-05-17T14:06:20","date_gmt":"2020-05-17T12:06:20","guid":{"rendered":"https:\/\/producersart.com\/index.php\/product\/versteckte-form-hidden-form\/"},"modified":"2020-09-27T10:41:34","modified_gmt":"2020-09-27T08:41:34","slug":"versteckte-form-hidden-form","status":"publish","type":"product","link":"https:\/\/producersart.com\/index.php\/product\/versteckte-form-hidden-form\/","title":{"rendered":"Versteckte Form | Hidden form"},"content":{"rendered":"<p>Pyropainture mit Wasser und Feuer auf Mehls\u00e4cke, Leinw\u00e4nde aus den 90er Jahren<br \/>\nPyropainture with water and fire on sacks of flour, canvas, cotton<\/p>\n<p>Die abgesengten Leinw\u00e4nde und Mehls\u00e4cke von der M\u00fchle Z\u00fcrich \u2013 Altstetten aus den 50er, sind ohne Methode entstanden. Der Pinsel, gef\u00fcllt mit Wasser, liess den Strich auf der Leinwand unsichtbar liegen und die Flamme sengte die trockene Struktur ab. Erst durch das Absengen wurde das Aufgetragene sichtbar. Dort wo Wasser lag, blieb das Textil unber\u00fchrt. Die Kontrolle des Feuers wird in diesen Bildern sichtbar. Das Absengen ist kein abbrennen oder L\u00f6cher in die Leinwand brennen, sonder ein kontrolliertes zeichnen mit der Flamme, die Schattierungen von Hell ins Dunkle entstehen l\u00e4sst. Sobald der Bildtr\u00e4ger getrocknet ist, wurde erneut mit Wasser und Feuer die Zeichnung verfeinert. Es entstanden verschiedene Techniken des Absengen. Durch \u00dcberlagerungen und Abbr\u00f6ckeln der versengten Struktur entstanden Abstraktionen und Vexierbilder. In dieser Malerei suche ich neue Wege in der k\u00fcnstlerischen Forschung, um wegzunehmen und nicht auftragen vom Bildtr\u00e4ger, um f\u00fcr mich eine Mitte der Handlung zu finden. Einerseits trage ich auf  mit dem Wasser und nehme wieder weg mit dem Feuer.<\/p>\n","protected":false},"excerpt":{"rendered":"<p>Pyropainture with water and fire on sacks of flour, canvas, cotton<\/p>\n","protected":false},"featured_media":1196,"template":"","meta":{"_acf_changed":false,"_et_pb_use_builder":"","_et_pb_old_content":"","_et_gb_content_width":""},"product_cat":[],"product_tag":[],"acf":[],"_links":{"self":[{"href":"https:\/\/producersart.com\/index.php\/wp-json\/wp\/v2\/product\/6454"}],"collection":[{"href":"https:\/\/producersart.com\/index.php\/wp-json\/wp\/v2\/product"}],"about":[{"href":"https:\/\/producersart.com\/index.php\/wp-json\/wp\/v2\/types\/product"}],"wp:featuredmedia":[{"embeddable":true,"href":"https:\/\/producersart.com\/index.php\/wp-json\/wp\/v2\/media\/1196"}],"wp:attachment":[{"href":"https:\/\/producersart.com\/index.php\/wp-json\/wp\/v2\/media?parent=6454"}],"wp:term":[{"taxonomy":"product_cat","embeddable":true,"href":"https:\/\/producersart.com\/index.php\/wp-json\/wp\/v2\/product_cat?post=6454"},{"taxonomy":"product_tag","embeddable":true,"href":"https:\/\/producersart.com\/index.php\/wp-json\/wp\/v2\/product_tag?post=6454"}],"curies":[{"name":"wp","href":"https:\/\/api.w.org\/{rel}","templated":true}]}}