{"id":6449,"date":"2020-05-17T15:45:29","date_gmt":"2020-05-17T13:45:29","guid":{"rendered":"https:\/\/producersart.com\/index.php\/product\/viren-am-meer-in-schieflage-viruses-by-the-sea-in-an-imbalance-eine-prophezeiung-a-prophecy\/"},"modified":"2020-09-26T19:09:43","modified_gmt":"2020-09-26T17:09:43","slug":"viren-am-meer-in-schieflage-viruses-by-the-sea-in-an-imbalance-eine-prophezeiung-a-prophecy","status":"publish","type":"product","link":"https:\/\/producersart.com\/index.php\/product\/viren-am-meer-in-schieflage-viruses-by-the-sea-in-an-imbalance-eine-prophezeiung-a-prophecy\/","title":{"rendered":"Viren am Meer in Schieflage | Viruses by the sea in an imbalance | Eine Prophezeiung | A prophecy"},"content":{"rendered":"<p>Viren am Meer in Schieflage<br \/>\nViruses by the sea in an imbalance<br \/>\nEine Prophezeiung<\/p>\n<p>A prophecy<\/p>\n<p>Dieses \u00d6lbild entstand aus einer Vision die ich 2010 hatte.<br \/>\nEin wesentliches Merkmal meiner k\u00fcnstlerischen Arbeit ist es, die Beziehung zwischen meinem inneren Wesen und der \u00e4usseren Pr\u00e4sentation herzustellen, sowie das eigene Zentrum in \u00dcbereinstimmung mit der \u00e4usseren Situation zu bringen. Also das was \u201eDraussen\u201c l\u00e4uft verinnerlichen, das Zentrum suchen und wieder nach \u201eAussen\u201c kehren. In diesem k\u00fcnstlerischen Prozess kanalisiere ich das Geschehene von \u201eDraussen\u201c mit meiner Befindlichkeit, vermische es mit Kreativit\u00e4t, Imagination, Vision, Wissen und Material. Wie in einem Tunnel vermischt sich alles zu einer Wesenheit die mir entspricht.<br \/>\nHier sind einmal die Viren, die um unsere Schleimh\u00e4ute zirkulieren und uns das Leben erschweren. Das andere Spannungsfeld ist die Tatsache, das unsere Meere bald kippen in eine Schieflage, die unreparabel wird. Wir k\u00f6nnen es nicht mehr kontrollieren.<\/p>\n","protected":false},"excerpt":{"rendered":"<p>prophecy<\/p>\n","protected":false},"featured_media":1207,"template":"","meta":{"_acf_changed":false,"_et_pb_use_builder":"","_et_pb_old_content":"","_et_gb_content_width":""},"product_cat":[],"product_tag":[],"acf":[],"_links":{"self":[{"href":"https:\/\/producersart.com\/index.php\/wp-json\/wp\/v2\/product\/6449"}],"collection":[{"href":"https:\/\/producersart.com\/index.php\/wp-json\/wp\/v2\/product"}],"about":[{"href":"https:\/\/producersart.com\/index.php\/wp-json\/wp\/v2\/types\/product"}],"wp:featuredmedia":[{"embeddable":true,"href":"https:\/\/producersart.com\/index.php\/wp-json\/wp\/v2\/media\/1207"}],"wp:attachment":[{"href":"https:\/\/producersart.com\/index.php\/wp-json\/wp\/v2\/media?parent=6449"}],"wp:term":[{"taxonomy":"product_cat","embeddable":true,"href":"https:\/\/producersart.com\/index.php\/wp-json\/wp\/v2\/product_cat?post=6449"},{"taxonomy":"product_tag","embeddable":true,"href":"https:\/\/producersart.com\/index.php\/wp-json\/wp\/v2\/product_tag?post=6449"}],"curies":[{"name":"wp","href":"https:\/\/api.w.org\/{rel}","templated":true}]}}