{"id":6334,"date":"2020-05-21T10:23:05","date_gmt":"2020-05-21T08:23:05","guid":{"rendered":"https:\/\/producersart.com\/index.php\/product\/haute-couture-29\/"},"modified":"2023-07-03T17:14:09","modified_gmt":"2023-07-03T15:14:09","slug":"haute-couture-29","status":"publish","type":"product","link":"https:\/\/producersart.com\/index.php\/product\/haute-couture-29\/","title":{"rendered":"Haute Couture 25"},"content":{"rendered":"<p>Ihr k\u00fcnstlerisches Interesse am K\u00f6rper \u00fcbertr\u00e4gt Scheurell in ihren neusten Werken der Serie Haute Couture \u2013 H\u00e4utung auf bestimmte Sch\u00f6nheitsideale und Frauenbilder der Gegenwart. Die Motive stammen aus vorgefundenen und gezielt gesuchten Werbeplakaten von Parf\u00fcmerien, Modeh\u00e4usern oder Kosmetikboutiquen. Sie zeigen jeweils Portr\u00e4ts von Models in sinnlichen Posen, die den Blick der Konsumentinnen auf sich ziehen und zum mimetischen Begehren nach den beworbenen Produkten auffordern sollen. Aus diesen Hochglanzfotografien arbeitet Scheurell Bildausschnitte heraus, indem sie weite Teile der Werkoberfl\u00e4che detailliert beschneidet und entfernt. Dabei benutzt die K\u00fcnstlerin Skalpell und Schmirgelpapier, um die k\u00fcnstliche Photoshopsch\u00f6nheit zu sezieren und zu zerst\u00f6ren.<\/p>\n<p>Neben den als Hochrelief bestehenbleibenden Resten der Portr\u00e4ts \u00f6ffnen sich nach der handwerklichen Bearbeitung aufgeraute wei\u00dfe Fl\u00e4chen, die die Tiefenschichten unter dem Fotokarton sp\u00fcrbar erkennbar werden lassen. Die so hergestellten Kontraste von Oberfl\u00e4che und Material erh\u00f6ht Scheurell durch Klebebandstreifen oder \u00dcbermalungen, f\u00fcr die sie die zuvor abgeschmirgelten Farbpigmente auf die freigelegten Fl\u00e4chen auftr\u00e4gt. Dem Original wiederf\u00e4hrt so eine malerische \u00dcberabeitung, wodurch neue inhaltliche Zusammenh\u00e4nge entstehen und urspr\u00fcngliche, teilweise erotische Elemente der Fotografien Betonung oder Verfremdung erfahren.<\/p>\n<p>So wird die buchst\u00e4blicher Teil der Bildbearbeitung, mit der die K\u00fcnstlerin fotografische Vorbilder von ihrem Bildtr\u00e4ger abzieht. Damit zerst\u00f6rt Scheurell nicht nur die Illusion von makelloser Sch\u00f6nheit, wie sie die Modefotografie als ideales Menschenbild suggeriert \u2013 sie unterzieht diese ikonischen Images der Kulturgeschichte der Sch\u00f6nheit auch einem quasi archaischen Strafritual, wie es im Mythos dem Marsyas wiederfuhr, weil er zum g\u00f6ttlichen Wettstreit um die sch\u00f6ne Kunst der Musik herausforderte. Scheurells kulturkritische und ikonoklastische D\u00e9collage steht in einer modernen kunsthistorischen Tradition mit den Fotomontagen der Dadaisten, wie bei Hannah H\u00f6ch, den Nouveaux R\u00e9alistes im Paris der 1960er Jahre, unter denen sich K\u00fcnstler wie Mimmo Rotella und Jacques Villegl\u00e9 als \u201eAffichisten\u201c bet\u00e4tigten und Werbeplakate in St\u00fccke rissen, oder auch mit der Bildperforation von Daniele Buetti, der farbige Werbefotografien von Supermodels mit Tattoos bearbeitet und auf Leuchtk\u00e4sten montiert. Nicht zuletzt ist Scheurells analoge Arbeit vergleichbar mit den Malereien von Elke Krystufek, die konstant das weibliche Selbstbildnis in seiner K\u00f6rperlichkeit und Verletzlichkeit zum Thema macht.<\/p>\n<p>Dr. Sebastian Baden, Leitung Schirn Kunsthalle, Frankfurt<\/p>\n","protected":false},"excerpt":{"rendered":"<p>Um die k\u00fcnstliche Photoshopsch\u00f6nheit detailliert zu sezieren und zu zerst\u00f6ren beschneidet die K\u00fcnstlerin mit Skalpell und Schmirgelpapier weite Teile der Hochglanzfotografie aus der Werbeindustrie.<\/p>\n","protected":false},"featured_media":1547,"template":"","meta":{"_acf_changed":false,"_et_pb_use_builder":"","_et_pb_old_content":"","_et_gb_content_width":""},"product_cat":[],"product_tag":[],"acf":[],"_links":{"self":[{"href":"https:\/\/producersart.com\/index.php\/wp-json\/wp\/v2\/product\/6334"}],"collection":[{"href":"https:\/\/producersart.com\/index.php\/wp-json\/wp\/v2\/product"}],"about":[{"href":"https:\/\/producersart.com\/index.php\/wp-json\/wp\/v2\/types\/product"}],"wp:featuredmedia":[{"embeddable":true,"href":"https:\/\/producersart.com\/index.php\/wp-json\/wp\/v2\/media\/1547"}],"wp:attachment":[{"href":"https:\/\/producersart.com\/index.php\/wp-json\/wp\/v2\/media?parent=6334"}],"wp:term":[{"taxonomy":"product_cat","embeddable":true,"href":"https:\/\/producersart.com\/index.php\/wp-json\/wp\/v2\/product_cat?post=6334"},{"taxonomy":"product_tag","embeddable":true,"href":"https:\/\/producersart.com\/index.php\/wp-json\/wp\/v2\/product_tag?post=6334"}],"curies":[{"name":"wp","href":"https:\/\/api.w.org\/{rel}","templated":true}]}}