{"id":6079,"date":"2020-05-30T19:42:53","date_gmt":"2020-05-30T17:42:53","guid":{"rendered":"https:\/\/producersart.com\/index.php\/product\/a-smaller-splash-you-could\/"},"modified":"2021-08-31T21:34:58","modified_gmt":"2021-08-31T19:34:58","slug":"a-smaller-splash-you-could","status":"publish","type":"product","link":"https:\/\/producersart.com\/index.php\/product\/a-smaller-splash-you-could\/","title":{"rendered":"A smaller splash &#8211; you could"},"content":{"rendered":"<p>In meinen Arbeiten greife ich sowohl die Taktik der Surrealisten als auch der Pop Art auf. Erstere l\u00f6sten Bildelemente aus ihrem bisherigen Zusammenhang und lie\u00dfen ihnen in einem neuen Kontext andere, teils gegens\u00e4tzliche Bedeutung zuwachsen, w\u00e4hrend in der Pop Art die Bildwelten von Massenmedien und Werbung in die Hochkultur eingef\u00fchrt und damit traditionelle Hierarchien aufgel\u00f6st wurden. Mein Fundus besteht neben kunsthistorischen Elementen auch aus Bildmaterial aus Zeitungen, von Reportagen und Magazinen, Comics und dem Internet. Mit meiner collagierenden Neu-Zusammensetzung hinterfrage ich menschliche K\u00f6rper-, Rollen- und Selbstverst\u00e4ndnisse, die uns als \u201enat\u00fcrlich\u201c erscheinen, doch durch kulturelle Vorbilder und Rollen-Modelle geformt werden, sowie die Grundlagen unseres Moralverst\u00e4ndnisses.<\/p>\n<p>Die Selfportraits entstanden nach meinem Stipendium in der Villa Aurora in Los Angeles. Die Supermacht Amerika zeigte deutliche Erm\u00fcdungserscheinungen; die Hoffnung, dass westliche, aufgekl\u00e4rte Demokratien einen Siegeszug \u00fcber die Welt antreten, auch.<\/p>\n<p>In my works I take up the tactics of both the Surrealists and Pop Art. The former detached pictorial elements from their previous context and allowed them to take on other, sometimes contradictory meanings in a new context, while Pop Art introduced the visual worlds of mass media and advertising into high culture, thus dissolving traditional hierarchies. In addition to art-historical elements, my fundus also consists of pictorial material from newspapers, from reports and magazines, comics, and the Internet. With my collage-like re-composition I question human body, role and self-understandings, which appear to us as &quot;natural&quot;, but are formed by cultural models and role models, as well as the foundations of our moral understanding.<\/p>\n<p>The self-portraits were created after my fellowship at Villa Aurora in Los Angeles. The superpower America showed clear signs of fatigue; so did the hope that Western, enlightened democracies would rule the world in good.<\/p>\n","protected":false},"excerpt":{"rendered":"<p>The self-portraits were created after my fellowship at Villa Aurora in Los Angeles. The US showed clear signs of fatigue; so did the hope that Western, enlightened democracies would rule the world.<\/p>\n","protected":false},"featured_media":2850,"template":"","meta":{"_acf_changed":false,"_et_pb_use_builder":"","_et_pb_old_content":"","_et_gb_content_width":""},"product_cat":[],"product_tag":[],"acf":[],"_links":{"self":[{"href":"https:\/\/producersart.com\/index.php\/wp-json\/wp\/v2\/product\/6079"}],"collection":[{"href":"https:\/\/producersart.com\/index.php\/wp-json\/wp\/v2\/product"}],"about":[{"href":"https:\/\/producersart.com\/index.php\/wp-json\/wp\/v2\/types\/product"}],"wp:featuredmedia":[{"embeddable":true,"href":"https:\/\/producersart.com\/index.php\/wp-json\/wp\/v2\/media\/2850"}],"wp:attachment":[{"href":"https:\/\/producersart.com\/index.php\/wp-json\/wp\/v2\/media?parent=6079"}],"wp:term":[{"taxonomy":"product_cat","embeddable":true,"href":"https:\/\/producersart.com\/index.php\/wp-json\/wp\/v2\/product_cat?post=6079"},{"taxonomy":"product_tag","embeddable":true,"href":"https:\/\/producersart.com\/index.php\/wp-json\/wp\/v2\/product_tag?post=6079"}],"curies":[{"name":"wp","href":"https:\/\/api.w.org\/{rel}","templated":true}]}}