{"id":6076,"date":"2020-05-30T19:51:18","date_gmt":"2020-05-30T17:51:18","guid":{"rendered":"https:\/\/producersart.com\/index.php\/product\/funny-games\/"},"modified":"2021-08-31T20:47:04","modified_gmt":"2021-08-31T18:47:04","slug":"funny-games","status":"publish","type":"product","link":"https:\/\/producersart.com\/index.php\/product\/funny-games\/","title":{"rendered":"Funny Games"},"content":{"rendered":"<p>FUNNY<\/p>\n<p>&#039;Juden raus!&#039; ist ein Ende 1938 bei &#039;G\u00fcnther &amp; Co.&#039; in Dresden erschienenes antij\u00fcdisches Brettspiel aus der Zeit des Nationalsozialismus. Das Brettspiel wurde als \u201eau\u00dferordentlich heiteres und zeitgem\u00e4\u00dfesGesellschaftsspiel\u201c angepriesen.<\/p>\n<p>Das Spiel stellt eine Mischung aus &#039;Mensch \u00e4rgere Dich nicht&#039; und &#039;Fang den Hut&#039; dar. Spielziel ist es, auf dem Spielbrett durch w\u00fcrfeln sechs Spielfiguren, die durch H\u00fcte als Juden karikiert wurden, von einem Judenhaus innerhalb der dargestellten mittelalterlichen Stadtmauern auf einen Platz au\u00dferhalb der Stadt zu bringen, der sie f\u00fcr einen Transport nach Pal\u00e4stina sammelt.<\/p>\n<p>FUNNY<\/p>\n<p>Juden raus! is an anti-Jewish board game published by G\u00fcnther &amp; Co. in Dresden at the end of 1938 during the National Socialist era. The board game was touted as an &quot;extraordinarily cheerful and contemporary parlor game.&quot;<\/p>\n<p>The game represents a mixture of the well-known games &#039;Mensch \u00e4rgere Dich nicht&#039; and &#039;Fang den Hut&#039;. The goal of the game is to move six figurines, caricatured as Jews by hats, on the board from a Jewish house within the depicted medieval city walls to a place outside the city collecting them for transport to Palestine.<\/p>\n","protected":false},"excerpt":{"rendered":"<p>FUNNY &#039;Juden raus!&#039; ist ein Ende 1938 bei &#039;G\u00fcnther &amp; Co.&#039; in Dresden erschienenes antij\u00fcdisches Brettspiel aus der Zeit des Nationalsozialismus. Das Brettspiel wurde als \u201eau\u00dferordentlich heiteres und zeitgem\u00e4\u00dfesGesellschaftsspiel\u201c angepriesen. Das Spiel stellt eine Mischung aus &#039;Mensch \u00e4rgere Dich nicht&#039; und &#039;Fang den Hut&#039; dar. Spielziel ist es, auf dem Spielbrett durch w\u00fcrfeln sechs Spielfiguren, [&hellip;]<\/p>\n","protected":false},"featured_media":2856,"template":"","meta":{"_acf_changed":false,"_et_pb_use_builder":"","_et_pb_old_content":"","_et_gb_content_width":""},"product_cat":[],"product_tag":[],"acf":[],"_links":{"self":[{"href":"https:\/\/producersart.com\/index.php\/wp-json\/wp\/v2\/product\/6076"}],"collection":[{"href":"https:\/\/producersart.com\/index.php\/wp-json\/wp\/v2\/product"}],"about":[{"href":"https:\/\/producersart.com\/index.php\/wp-json\/wp\/v2\/types\/product"}],"wp:featuredmedia":[{"embeddable":true,"href":"https:\/\/producersart.com\/index.php\/wp-json\/wp\/v2\/media\/2856"}],"wp:attachment":[{"href":"https:\/\/producersart.com\/index.php\/wp-json\/wp\/v2\/media?parent=6076"}],"wp:term":[{"taxonomy":"product_cat","embeddable":true,"href":"https:\/\/producersart.com\/index.php\/wp-json\/wp\/v2\/product_cat?post=6076"},{"taxonomy":"product_tag","embeddable":true,"href":"https:\/\/producersart.com\/index.php\/wp-json\/wp\/v2\/product_tag?post=6076"}],"curies":[{"name":"wp","href":"https:\/\/api.w.org\/{rel}","templated":true}]}}