{"id":5661,"date":"2020-06-14T22:13:33","date_gmt":"2020-06-14T20:13:33","guid":{"rendered":"https:\/\/producersart.com\/index.php\/product\/intimes-juni-1976\/"},"modified":"2020-12-02T17:07:08","modified_gmt":"2020-12-02T16:07:08","slug":"intimes-juni-1976","status":"publish","type":"product","link":"https:\/\/producersart.com\/index.php\/product\/intimes-juni-1976\/","title":{"rendered":"Intimes, Juni 1976"},"content":{"rendered":"<p>Verf\u00fcgbare Gr\u00f6\u00dfen \/ Editionen :<\/p>\n<p>16,5 x 23,5 image on 30 x 40 cm paper, Edition 5+1\u00a0(\u20ac900,-) \/ 29 x 41 image on 50 x 65 cm paper, Edition 5+1 (\u20ac 1750,-) \/ 55 x 78 image on 95 x 120 paper, Edition 5+1 (\u20ac 3780,-)<\/p>\n","protected":false},"excerpt":{"rendered":"<p>Verf\u00fcgbare Gr\u00f6\u00dfen \/ Editionen : 16,5 x 23,5 image on 30 x 40 cm paper, Edition 5+1\u00a0(\u20ac900,-) \/ 29 x 41 image on 50 x 65 cm paper, Edition 5+1 (\u20ac 1750,-) \/ 55 x 78 image on 95 x 120 paper, Edition 5+1 (\u20ac 3780,-)<\/p>\n","protected":false},"featured_media":5250,"template":"","meta":{"_acf_changed":false,"_et_pb_use_builder":"","_et_pb_old_content":"","_et_gb_content_width":""},"product_cat":[],"product_tag":[],"acf":[],"_links":{"self":[{"href":"https:\/\/producersart.com\/index.php\/wp-json\/wp\/v2\/product\/5661"}],"collection":[{"href":"https:\/\/producersart.com\/index.php\/wp-json\/wp\/v2\/product"}],"about":[{"href":"https:\/\/producersart.com\/index.php\/wp-json\/wp\/v2\/types\/product"}],"wp:featuredmedia":[{"embeddable":true,"href":"https:\/\/producersart.com\/index.php\/wp-json\/wp\/v2\/media\/5250"}],"wp:attachment":[{"href":"https:\/\/producersart.com\/index.php\/wp-json\/wp\/v2\/media?parent=5661"}],"wp:term":[{"taxonomy":"product_cat","embeddable":true,"href":"https:\/\/producersart.com\/index.php\/wp-json\/wp\/v2\/product_cat?post=5661"},{"taxonomy":"product_tag","embeddable":true,"href":"https:\/\/producersart.com\/index.php\/wp-json\/wp\/v2\/product_tag?post=5661"}],"curies":[{"name":"wp","href":"https:\/\/api.w.org\/{rel}","templated":true}]}}