{"id":5643,"date":"2020-06-14T22:34:28","date_gmt":"2020-06-14T20:34:28","guid":{"rendered":"https:\/\/producersart.com\/index.php\/product\/achtung-fertig-los\/"},"modified":"2020-12-02T17:11:38","modified_gmt":"2020-12-02T16:11:38","slug":"achtung-fertig-los","status":"publish","type":"product","link":"https:\/\/producersart.com\/index.php\/product\/achtung-fertig-los\/","title":{"rendered":"Achtung &#8211; fertig &#8211; los !"},"content":{"rendered":"<p>Verf\u00fcgbare Gr\u00f6\u00dfen \/ Editionen :<\/p>\n<p>70 x 120 cm fine art print with 41,5 x 85 cm image, Edition of: 5+1, (\u20ac 3150,-) \/\u00a0 50 x 70 cm fine art print with 21 x 45 cm image, Edition of: 5+1, (\u20ac 1750,-) \/ 30 x 40 cm fine art print with 12 x 26 cm image, Edition 5+1 (\u20ac 1100,-)<\/p>\n<p>&nbsp;<\/p>\n","protected":false},"excerpt":{"rendered":"<p>Verf\u00fcgbare Gr\u00f6\u00dfen \/ Editionen : 70 x 120 cm fine art print with 41,5 x 85 cm image, Edition of: 5+1, (\u20ac 3150,-) \/\u00a0 50 x 70 cm fine art print with 21 x 45 cm image, Edition of: 5+1, (\u20ac 1750,-) \/ 30 x 40 cm fine art print with 12 x 26 cm [&hellip;]<\/p>\n","protected":false},"featured_media":5296,"template":"","meta":{"_acf_changed":false,"_et_pb_use_builder":"","_et_pb_old_content":"","_et_gb_content_width":""},"product_cat":[],"product_tag":[],"acf":[],"_links":{"self":[{"href":"https:\/\/producersart.com\/index.php\/wp-json\/wp\/v2\/product\/5643"}],"collection":[{"href":"https:\/\/producersart.com\/index.php\/wp-json\/wp\/v2\/product"}],"about":[{"href":"https:\/\/producersart.com\/index.php\/wp-json\/wp\/v2\/types\/product"}],"wp:featuredmedia":[{"embeddable":true,"href":"https:\/\/producersart.com\/index.php\/wp-json\/wp\/v2\/media\/5296"}],"wp:attachment":[{"href":"https:\/\/producersart.com\/index.php\/wp-json\/wp\/v2\/media?parent=5643"}],"wp:term":[{"taxonomy":"product_cat","embeddable":true,"href":"https:\/\/producersart.com\/index.php\/wp-json\/wp\/v2\/product_cat?post=5643"},{"taxonomy":"product_tag","embeddable":true,"href":"https:\/\/producersart.com\/index.php\/wp-json\/wp\/v2\/product_tag?post=5643"}],"curies":[{"name":"wp","href":"https:\/\/api.w.org\/{rel}","templated":true}]}}