{"id":5633,"date":"2020-06-14T23:03:08","date_gmt":"2020-06-14T21:03:08","guid":{"rendered":"https:\/\/producersart.com\/index.php\/product\/sandra-at-eden-roc-701-miami-1982\/"},"modified":"2020-12-02T17:39:29","modified_gmt":"2020-12-02T16:39:29","slug":"sandra-at-eden-roc-701-miami-1982","status":"publish","type":"product","link":"https:\/\/producersart.com\/index.php\/product\/sandra-at-eden-roc-701-miami-1982\/","title":{"rendered":"Sandra at Eden Roc #701, Miami 1982"},"content":{"rendered":"<p>Verf\u00fcgbare Gr\u00f6\u00dfen \/ Editionen :<\/p>\n<p>95 x 120 cm fine art print with 75 x 100 cm image, Edition of: 5+1, (\u20ac 3610,- +MWST)\u00a0 \/\u00a0 50 x 65 cm fine art print with 30 x 40 cm image, Edition of: 5+1, (\u20ac 1800,- +MWST) \/ 40 x 30 cm fine art print with 24 x 17cm image, Edition 5+1 (\u20ac 900,- +MWST)<\/p>\n","protected":false},"excerpt":{"rendered":"<p>Verf\u00fcgbare Gr\u00f6\u00dfen \/ Editionen : 95 x 120 cm fine art print with 75 x 100 cm image, Edition of: 5+1, (\u20ac 3610,- +MWST)\u00a0 \/\u00a0 50 x 65 cm fine art print with 30 x 40 cm image, Edition of: 5+1, (\u20ac 1800,- +MWST) \/ 40 x 30 cm fine art print with 24 x [&hellip;]<\/p>\n","protected":false},"featured_media":5330,"template":"","meta":{"_acf_changed":false,"_et_pb_use_builder":"","_et_pb_old_content":"","_et_gb_content_width":""},"product_cat":[],"product_tag":[],"acf":[],"_links":{"self":[{"href":"https:\/\/producersart.com\/index.php\/wp-json\/wp\/v2\/product\/5633"}],"collection":[{"href":"https:\/\/producersart.com\/index.php\/wp-json\/wp\/v2\/product"}],"about":[{"href":"https:\/\/producersart.com\/index.php\/wp-json\/wp\/v2\/types\/product"}],"wp:featuredmedia":[{"embeddable":true,"href":"https:\/\/producersart.com\/index.php\/wp-json\/wp\/v2\/media\/5330"}],"wp:attachment":[{"href":"https:\/\/producersart.com\/index.php\/wp-json\/wp\/v2\/media?parent=5633"}],"wp:term":[{"taxonomy":"product_cat","embeddable":true,"href":"https:\/\/producersart.com\/index.php\/wp-json\/wp\/v2\/product_cat?post=5633"},{"taxonomy":"product_tag","embeddable":true,"href":"https:\/\/producersart.com\/index.php\/wp-json\/wp\/v2\/product_tag?post=5633"}],"curies":[{"name":"wp","href":"https:\/\/api.w.org\/{rel}","templated":true}]}}