{"id":5624,"date":"2020-06-14T23:13:16","date_gmt":"2020-06-14T21:13:16","guid":{"rendered":"https:\/\/producersart.com\/index.php\/product\/sandra-observed-by-a-passerby-miami-1982\/"},"modified":"2020-12-02T17:40:55","modified_gmt":"2020-12-02T16:40:55","slug":"sandra-observed-by-a-passerby-miami-1982","status":"publish","type":"product","link":"https:\/\/producersart.com\/index.php\/product\/sandra-observed-by-a-passerby-miami-1982\/","title":{"rendered":"Sandra observed by a passerby, Miami 1982"},"content":{"rendered":"<p>Verf\u00fcgbare Gr\u00f6\u00dfen \/ Editionen :<\/p>\n<p>Title: It can happen everywhere. 1979\u00a0\u00a0\u00a0\u00a0 \u00a0 120 x 95 cm fine art print with 100 x 75 cm image, Edition 5+1 (\u20ac 3610,-\u00a0 +MWST)\u00a0\u00a0\u00a0 \/\u00a0\u00a0 65 x 50 cm fine art print with 40 x 30 cm image, Edition 5+1 (\u20ac 1800,-\u00a0 +MWST)\u00a0\u00a0\u00a0 \/\u00a0\u00a0 40 x 30 cm fine art print with 24 x 17cm\u00a0 image, Edition 5+1 (\u20ac 900,-\u00a0 +MWST)<\/p>\n","protected":false},"excerpt":{"rendered":"<p>Verf\u00fcgbare Gr\u00f6\u00dfen \/ Editionen : Title: It can happen everywhere. 1979\u00a0\u00a0\u00a0\u00a0 \u00a0 120 x 95 cm fine art print with 100 x 75 cm image, Edition 5+1 (\u20ac 3610,-\u00a0 +MWST)\u00a0\u00a0\u00a0 \/\u00a0\u00a0 65 x 50 cm fine art print with 40 x 30 cm image, Edition 5+1 (\u20ac 1800,-\u00a0 +MWST)\u00a0\u00a0\u00a0 \/\u00a0\u00a0 40 x 30 cm fine [&hellip;]<\/p>\n","protected":false},"featured_media":5350,"template":"","meta":{"_acf_changed":false,"_et_pb_use_builder":"","_et_pb_old_content":"","_et_gb_content_width":""},"product_cat":[],"product_tag":[],"acf":[],"_links":{"self":[{"href":"https:\/\/producersart.com\/index.php\/wp-json\/wp\/v2\/product\/5624"}],"collection":[{"href":"https:\/\/producersart.com\/index.php\/wp-json\/wp\/v2\/product"}],"about":[{"href":"https:\/\/producersart.com\/index.php\/wp-json\/wp\/v2\/types\/product"}],"wp:featuredmedia":[{"embeddable":true,"href":"https:\/\/producersart.com\/index.php\/wp-json\/wp\/v2\/media\/5350"}],"wp:attachment":[{"href":"https:\/\/producersart.com\/index.php\/wp-json\/wp\/v2\/media?parent=5624"}],"wp:term":[{"taxonomy":"product_cat","embeddable":true,"href":"https:\/\/producersart.com\/index.php\/wp-json\/wp\/v2\/product_cat?post=5624"},{"taxonomy":"product_tag","embeddable":true,"href":"https:\/\/producersart.com\/index.php\/wp-json\/wp\/v2\/product_tag?post=5624"}],"curies":[{"name":"wp","href":"https:\/\/api.w.org\/{rel}","templated":true}]}}