{"id":18476,"date":"2025-10-23T17:05:11","date_gmt":"2025-10-23T15:05:11","guid":{"rendered":"https:\/\/producersart.com\/?post_type=product&#038;p=18476"},"modified":"2025-10-23T17:05:13","modified_gmt":"2025-10-23T15:05:13","slug":"spiel-mit-dem-schatten","status":"publish","type":"product","link":"https:\/\/producersart.com\/index.php\/product\/spiel-mit-dem-schatten\/","title":{"rendered":"Spiel mit dem Schatten"},"content":{"rendered":"<p>In meinen Arbeiten verwandeln sich architektonische R\u00e4ume in geometrische Formen und Fl\u00e4chen, die ein lebendiges Spiel mit dem Licht f\u00fchren.<\/p>\n<p>Spiegelungen, architektonisch besondere Perspektiven und ein hartes Licht- und Schattenspiel sind hier bewusst gesetzt. Inspirationsquelle f\u00fcr diese tektonisch-surreale Sichtweise sind st\u00e4dtebauliche Formen aus der Klassischen Moderne sowie ungew\u00f6hnliche und spektakul\u00e4re Bauwerke der Neuzeit.<\/p>\n","protected":false},"excerpt":{"rendered":"<p>Licht- und Schattenspiel<\/p>\n","protected":false},"featured_media":18477,"template":"","meta":{"_acf_changed":false,"_et_pb_use_builder":"","_et_pb_old_content":"","_et_gb_content_width":""},"product_cat":[29],"product_tag":[],"acf":[],"_links":{"self":[{"href":"https:\/\/producersart.com\/index.php\/wp-json\/wp\/v2\/product\/18476"}],"collection":[{"href":"https:\/\/producersart.com\/index.php\/wp-json\/wp\/v2\/product"}],"about":[{"href":"https:\/\/producersart.com\/index.php\/wp-json\/wp\/v2\/types\/product"}],"wp:featuredmedia":[{"embeddable":true,"href":"https:\/\/producersart.com\/index.php\/wp-json\/wp\/v2\/media\/18477"}],"wp:attachment":[{"href":"https:\/\/producersart.com\/index.php\/wp-json\/wp\/v2\/media?parent=18476"}],"wp:term":[{"taxonomy":"product_cat","embeddable":true,"href":"https:\/\/producersart.com\/index.php\/wp-json\/wp\/v2\/product_cat?post=18476"},{"taxonomy":"product_tag","embeddable":true,"href":"https:\/\/producersart.com\/index.php\/wp-json\/wp\/v2\/product_tag?post=18476"}],"curies":[{"name":"wp","href":"https:\/\/api.w.org\/{rel}","templated":true}]}}