{"id":18430,"date":"2025-09-05T13:45:22","date_gmt":"2025-09-05T11:45:22","guid":{"rendered":"https:\/\/producersart.com\/?post_type=product&#038;p=18430"},"modified":"2025-09-05T13:45:24","modified_gmt":"2025-09-05T11:45:24","slug":"in-the-garden","status":"publish","type":"product","link":"https:\/\/producersart.com\/index.php\/product\/in-the-garden\/","title":{"rendered":"In the garden"},"content":{"rendered":"<p>&lt;div class=&quot;k-md record-field record-field-markdown k-md description&quot;&gt;<\/p>\n<p>Wer sehnt sich nicht zur\u00fcck ins Paradies? Laut der Geschichte von Adam und Eva h\u00e4tte die Welt n\u00e4mlich frei von Tod und Leid sein sollen &#8211; aber dann wurden die ersten Menschen s\u00fcndig und haben seither kein Zutritt mehr zum Paradiesgarten. Dieser Mythos ist fast so alt wie die menschliche Zivilisation und gilt als der m\u00e4chtigste aller Menschheitsmythen. Tirza Matter wirft ihm und seinen unz\u00e4hligen Darstellungen vor, ein bin\u00e4res Weltbild zu st\u00fctzen und so Kategorisierung und Ausgrenzung zu begr\u00fcnden.<\/p>\n<p>Auf der Suche nach neuen Bildern malt sie nun G\u00e4rten, in denen Bin\u00e4re Kategorien wie Werden und Vergehen in spannungsgeladenen Kontrasten untrennbar miteinander verschmelzen. Charakteristische Motive wie pilzartige Strukturen, Urlebewesen, Innereien und Blutgef\u00e4\u00dfe sch\u00e4len sich wiederkehrend aus ihren vertr\u00e4umten und vielschichtigen \u00d6l-Malereien heraus.<\/p>\n<p>Die Malerei dient ihr dabei als eine Form des Denkens und des Forschens. Was dabei heraus kommt sind Bilder, welche gleichermassen faszinieren, irritieren und zur Reflexion \u00fcber starre Kategorien wie Gut und B\u00f6se anregen wollen.<\/p>\n<p>&lt;\/div&gt;<\/p>\n","protected":false},"excerpt":{"rendered":"<p>In this garden binary categories such as growth and decay merge inextricably in tense contrasts<\/p>\n","protected":false},"featured_media":18420,"template":"","meta":{"_acf_changed":false,"_et_pb_use_builder":"","_et_pb_old_content":"","_et_gb_content_width":""},"product_cat":[29],"product_tag":[],"acf":[],"_links":{"self":[{"href":"https:\/\/producersart.com\/index.php\/wp-json\/wp\/v2\/product\/18430"}],"collection":[{"href":"https:\/\/producersart.com\/index.php\/wp-json\/wp\/v2\/product"}],"about":[{"href":"https:\/\/producersart.com\/index.php\/wp-json\/wp\/v2\/types\/product"}],"wp:featuredmedia":[{"embeddable":true,"href":"https:\/\/producersart.com\/index.php\/wp-json\/wp\/v2\/media\/18420"}],"wp:attachment":[{"href":"https:\/\/producersart.com\/index.php\/wp-json\/wp\/v2\/media?parent=18430"}],"wp:term":[{"taxonomy":"product_cat","embeddable":true,"href":"https:\/\/producersart.com\/index.php\/wp-json\/wp\/v2\/product_cat?post=18430"},{"taxonomy":"product_tag","embeddable":true,"href":"https:\/\/producersart.com\/index.php\/wp-json\/wp\/v2\/product_tag?post=18430"}],"curies":[{"name":"wp","href":"https:\/\/api.w.org\/{rel}","templated":true}]}}