{"id":18011,"date":"2024-06-04T13:56:11","date_gmt":"2024-06-04T11:56:11","guid":{"rendered":"https:\/\/producersart.com\/?post_type=product&#038;p=18011"},"modified":"2024-06-04T13:56:11","modified_gmt":"2024-06-04T11:56:11","slug":"limpid-method","status":"publish","type":"product","link":"https:\/\/producersart.com\/index.php\/product\/limpid-method\/","title":{"rendered":"Limpid Method"},"content":{"rendered":"<p>Abstrakte Portrait- und Landschaftsmalerei gehen in Rubica von Strengs Werkzyklus \u201ePortLand\u201c eine spannende Liaison ein. Die vielschichtigen, \u00e4sthetisch komponierten \u00d6lgem\u00e4lde erscheinen aquarellhaft und strahlen eine ungeahnte Leichtigkeit aus. Dies gelingt der Ku\u0308nstlerin mithilfe der von ihr entwickelten sogenannten Arpeggio-Maltechnik: Sie tr\u00e4gt hauchdu\u0308nne Schichten stark verdu\u0308nnter Farbe nacheinander und mit zeitlichem Abstand auf und l\u00e4sst dadurch ein Ensemble von einander u\u0308berlagernden Farbr\u00e4umen und Formen entstehen.<br \/>\nDie Berliner Ku\u0308nstlerin befasst sich unter anderem mit Themen wie Naturschutz, Biodiversit\u00e4t und Klimawandel. So auch im Werkzyklus \u201ePortLand\u201c, den sie im Jahr 2018 begann und der inzwischen aus drei aufeinander aufbauenden Teilen mit insgesamt mehr als 100 Gem\u00e4lden und einer Plastik besteht. Den Beginn des Zyklus bildet die Serie\u201e Towards PortLand\u201c (2018\u20132019), in der es um die Verschmelzung und Verwurzelung von Individuen und Umwelt geht. Vier Werke dieser Serie waren 2019\/20 in der internationalen Ausstellung \u201eTaking Root\u201c im KIT Du\u0308sseldorf zu sehen. Im zweiten Teil des Zyklus, \u201eLimits of PortLand\u201c (2020\u20132021), treffen Portraits und Stimmungen des Landes aufeinander; Grenzen verschwinden oder werden flie\u00dfend u\u0308berschritten. In \u201eBeyond PortLand\u201c (2022\u20132023), dem dritten Teil, l\u00f6sen sich die traditionellen Formen von Landschaft und Figur immer mehr auf und nehmen flu\u0308chtige, zuweilen gasf\u00f6rmige Gestalt an. \u201eVon Strengs Malerei ist hintergru\u0308ndig klug, fundiert und verantwortungsvoll\u201c, sagt Ren\u00e9 Spiegelberger, Gru\u0308nder der Hamburger Kunststiftung PArt. \u201eSie schl\u00e4gt damit ein neues Kapitel in der Abstraktion auf. Ihre Form der Auseinandersetzung mit aktuellen Themen manifestiert sich im ,PortLand\u2018- Zyklus auf eindrucksvoll stringente Weise.\u201c<\/p>\n","protected":false},"excerpt":{"rendered":"<p>Series \u201eBeyond Portland\u201c<\/p>\n","protected":false},"featured_media":18010,"template":"","meta":{"_acf_changed":false,"_et_pb_use_builder":"","_et_pb_old_content":"","_et_gb_content_width":""},"product_cat":[29],"product_tag":[],"acf":[],"_links":{"self":[{"href":"https:\/\/producersart.com\/index.php\/wp-json\/wp\/v2\/product\/18011"}],"collection":[{"href":"https:\/\/producersart.com\/index.php\/wp-json\/wp\/v2\/product"}],"about":[{"href":"https:\/\/producersart.com\/index.php\/wp-json\/wp\/v2\/types\/product"}],"wp:featuredmedia":[{"embeddable":true,"href":"https:\/\/producersart.com\/index.php\/wp-json\/wp\/v2\/media\/18010"}],"wp:attachment":[{"href":"https:\/\/producersart.com\/index.php\/wp-json\/wp\/v2\/media?parent=18011"}],"wp:term":[{"taxonomy":"product_cat","embeddable":true,"href":"https:\/\/producersart.com\/index.php\/wp-json\/wp\/v2\/product_cat?post=18011"},{"taxonomy":"product_tag","embeddable":true,"href":"https:\/\/producersart.com\/index.php\/wp-json\/wp\/v2\/product_tag?post=18011"}],"curies":[{"name":"wp","href":"https:\/\/api.w.org\/{rel}","templated":true}]}}