{"id":17737,"date":"2024-01-07T22:28:39","date_gmt":"2024-01-07T21:28:39","guid":{"rendered":"https:\/\/producersart.com\/?post_type=product&#038;p=17737"},"modified":"2024-01-07T22:28:39","modified_gmt":"2024-01-07T21:28:39","slug":"haute-couture-hautung-19-be-strong-look-great","status":"publish","type":"product","link":"https:\/\/producersart.com\/index.php\/product\/haute-couture-hautung-19-be-strong-look-great\/","title":{"rendered":"Haute Couture \u2013\u00a0 H\u00e4utung 19, Be strong look great"},"content":{"rendered":"<p>In der Reihe Haute Couture bedient sich die K\u00fcnstlerin Stefanie Scheurell Motiven, die auf Werbeplakaten von Parf\u00fcmerien und Modeh\u00e4usern gedruckt sind. \u201eHaute Couture\u201c bedeutet w\u00f6rtlich \u00fcbersetzt \u201egehobene Schneiderei\u201c und meint ma\u00dfgeschneiderte Modekreationen, die aus luxuri\u00f6sen Materialien in Handarbeit gefertigt werden. Beiderlei Bedeutungen tr\u00e4gt Stefanie Scheurell in ihrem Werkzyklus Rechnung. Sie schafft aus Vorgaben des Luxussegmentes in Handarbeit individuelle Einzelst\u00fccke \u2013 ebenfalls durch die Methodik der \u201egehobenen Schneiderei\u201c: Mit der Pr\u00e4zession einer Sch\u00f6nheitschirurgin setzt die K\u00fcnstlerin ihr Messer in die Haut der glatten Oberfl\u00e4chen und demontiert diese in der Modewelt erschaffenen Fassaden. Die Perfektion wird aufgebrochen, das Makellose zerst\u00f6rt, die Message der Werbung zerst\u00f6rt. Die Gesichter werden zerkratzt, entstellt und geh\u00e4utet. Mit der Methodik der D\u00e9collage seziert die K\u00fcnstlerin die Artefakte der Beautyindustrie und dekonstruiert das Konzept der vermeintlichen Sch\u00f6nheit. Dabei geht Stefanie Scheurell sensibel an die Arbeit. Nicht mit roher Gewalt vernichtet sie die ihr suspekte \u00c4sthetik, sondern mit Feingef\u00fchl. Jeder Schnitt wird sorgf\u00e4ltig gesetzt, vorsichtig l\u00f6st sie die Schichten und behandelt damit die Person hinter der photogeshoppten Oberfl\u00e4che mit menschlichem Respekt. Ihr geht es nicht um einen politischen Kampf gegen die Fashionindustrie, sondern vielmehr um die pers\u00f6nliche Suche nach Identit\u00e4t und der Besch\u00e4ftigung mit der Frage wie man selbst sich sieht und gesehen wird. Durch ihre Eingriffe werden die Motive auf eine andere Ebene der \u00c4sthetik gehoben und erfahren damit auch einen Wandeln im Gesehen werden durch den Betrachtenden.<\/p>\n<p>Veronika Fischer<br \/>\nJournalistin &amp; Texterin<\/p>\n","protected":false},"excerpt":{"rendered":"<p>De\u0301collage &#8211; Werbeportr\u00e4t Abbildung bearbeitet mit Cutter und Schleifpapier<\/p>\n","protected":false},"featured_media":17736,"template":"","meta":{"_acf_changed":false,"_et_pb_use_builder":"","_et_pb_old_content":"","_et_gb_content_width":""},"product_cat":[29],"product_tag":[],"acf":[],"_links":{"self":[{"href":"https:\/\/producersart.com\/index.php\/wp-json\/wp\/v2\/product\/17737"}],"collection":[{"href":"https:\/\/producersart.com\/index.php\/wp-json\/wp\/v2\/product"}],"about":[{"href":"https:\/\/producersart.com\/index.php\/wp-json\/wp\/v2\/types\/product"}],"wp:featuredmedia":[{"embeddable":true,"href":"https:\/\/producersart.com\/index.php\/wp-json\/wp\/v2\/media\/17736"}],"wp:attachment":[{"href":"https:\/\/producersart.com\/index.php\/wp-json\/wp\/v2\/media?parent=17737"}],"wp:term":[{"taxonomy":"product_cat","embeddable":true,"href":"https:\/\/producersart.com\/index.php\/wp-json\/wp\/v2\/product_cat?post=17737"},{"taxonomy":"product_tag","embeddable":true,"href":"https:\/\/producersart.com\/index.php\/wp-json\/wp\/v2\/product_tag?post=17737"}],"curies":[{"name":"wp","href":"https:\/\/api.w.org\/{rel}","templated":true}]}}