{"id":17393,"date":"2023-07-20T10:21:03","date_gmt":"2023-07-20T08:21:03","guid":{"rendered":"https:\/\/producersart.com\/?post_type=product&#038;p=17393"},"modified":"2023-07-20T10:21:04","modified_gmt":"2023-07-20T08:21:04","slug":"breathe","status":"publish","type":"product","link":"https:\/\/producersart.com\/index.php\/product\/breathe\/","title":{"rendered":"Breathe"},"content":{"rendered":"<p>Kunst ist ein Versuch zu sein, in all dem Gegenw\u00e4rtigen, an W\u00e4nden und als Zeitgenossin mit einer anderen Sprache, die gelesen sein mag.<br \/>\nK\u00fcnstler zeigen eine Durchl\u00e4ssigkeit, man kann nur tun und machen und wach sein, um sich zu verankern im Hier und Jetzt.<\/p>\n<p>Ob das was Chronistisches hat \u2013 bestimmt, wenn auch eher als ph\u00e4nomenologischer Kommentar. Oder eben als Gegenentwurf.<br \/>\n&#8230; und leise ist es, weil es eben nur stattfinden, wirken und sich entwickeln kann, an einem Gegen\u00fcber, wenn es Raum nimmt, Wand nimmt, Zeit nimmt, sich reibt.<\/p>\n<p>Das Zeichnen ist nah am Jetzt, an dem wie Welt ist, wie sich Zusta\u0308nde anfu\u0308hlen und regulieren.<br \/>\nMich interessieren U\u0308berlagerungen von Prozessen, die Gleichzeitigkeit.<br \/>\nWahrnehmungen &amp; Reaktionen &#8211; das ist vielleicht das noise level der Arbeiten.<br \/>\nManchmal hat es auch erza\u0308hlerische Strukturen.<\/p>\n","protected":false},"excerpt":{"rendered":"<p>Kunst ist ein Versuch zu sein, in all dem Gegenw\u00e4rtigen, an W\u00e4nden und als Zeitgenossin mit einer anderen Sprache, die gelesen sein mag. K\u00fcnstler zeigen eine Durchl\u00e4ssigkeit, man kann nur tun und machen und wach sein, um sich zu verankern im Hier und Jetzt. Ob das was Chronistisches hat \u2013 bestimmt, wenn auch eher als [&hellip;]<\/p>\n","protected":false},"featured_media":17392,"template":"","meta":{"_acf_changed":false,"_et_pb_use_builder":"","_et_pb_old_content":"","_et_gb_content_width":""},"product_cat":[29],"product_tag":[],"acf":[],"_links":{"self":[{"href":"https:\/\/producersart.com\/index.php\/wp-json\/wp\/v2\/product\/17393"}],"collection":[{"href":"https:\/\/producersart.com\/index.php\/wp-json\/wp\/v2\/product"}],"about":[{"href":"https:\/\/producersart.com\/index.php\/wp-json\/wp\/v2\/types\/product"}],"wp:featuredmedia":[{"embeddable":true,"href":"https:\/\/producersart.com\/index.php\/wp-json\/wp\/v2\/media\/17392"}],"wp:attachment":[{"href":"https:\/\/producersart.com\/index.php\/wp-json\/wp\/v2\/media?parent=17393"}],"wp:term":[{"taxonomy":"product_cat","embeddable":true,"href":"https:\/\/producersart.com\/index.php\/wp-json\/wp\/v2\/product_cat?post=17393"},{"taxonomy":"product_tag","embeddable":true,"href":"https:\/\/producersart.com\/index.php\/wp-json\/wp\/v2\/product_tag?post=17393"}],"curies":[{"name":"wp","href":"https:\/\/api.w.org\/{rel}","templated":true}]}}