{"id":17251,"date":"2023-06-09T17:16:09","date_gmt":"2023-06-09T15:16:09","guid":{"rendered":"https:\/\/producersart.com\/?post_type=product&#038;p=17251"},"modified":"2023-06-09T17:16:09","modified_gmt":"2023-06-09T15:16:09","slug":"akt_cu_15","status":"publish","type":"product","link":"https:\/\/producersart.com\/index.php\/product\/akt_cu_15\/","title":{"rendered":"Akt_CU_#15"},"content":{"rendered":"<p>Seit der Antike wird \u00c4sthetik in Form des m\u00e4nnlichen K\u00f6rpers manifestiert.<br \/>\nZun\u00e4chst in Form von altgriechischen und r\u00f6mischen Statuen von Athleten.<br \/>\nGefolgt von bildlichen Darstellungen in der Renaissance. Der Mann in seiner<br \/>\nnackten Erscheinung ist stark, zart, heroisch, verletzlich, ruhend und wild zugleich.<\/p>\n<p>In der Serie der m\u00e4nnlichen Akte auf Kupfer werden Gegens\u00e4tze sp\u00fcrbar:<br \/>\nW\u00e4rme-K\u00e4lte, Zartheit-H\u00e4rte, Weiche Linie-harte Kante, Leben-Materie,<br \/>\nVielschichtigkeit-Klarheit.<\/p>\n<p>Die polierte Oberfl\u00e4che des Metalls reflektiert das Licht und kontrastiert mit der<br \/>\n\u00d6lfarbe des gemalten Aktes. Der Schatten auf dem Kupfer ist nicht gemalt, es ist keine Farbe, sondern das oxidierte Kupfer. Das betont noch die Verbindung des<br \/>\nUntergrundes und des Motives. Das Metall ist nicht nur das Medium um das Bild<br \/>\nzu tragen, es wird selbst zum Teil des Bildes.<\/p>\n","protected":false},"excerpt":{"rendered":"<p>Der Mann in seiner<br \/>\nnackten Erscheinung ist stark, zart, heroisch, verletzlich, ruhend und wild zugleich.<\/p>\n","protected":false},"featured_media":17247,"template":"","meta":{"_acf_changed":false,"_et_pb_use_builder":"","_et_pb_old_content":"","_et_gb_content_width":""},"product_cat":[29],"product_tag":[],"acf":[],"_links":{"self":[{"href":"https:\/\/producersart.com\/index.php\/wp-json\/wp\/v2\/product\/17251"}],"collection":[{"href":"https:\/\/producersart.com\/index.php\/wp-json\/wp\/v2\/product"}],"about":[{"href":"https:\/\/producersart.com\/index.php\/wp-json\/wp\/v2\/types\/product"}],"wp:featuredmedia":[{"embeddable":true,"href":"https:\/\/producersart.com\/index.php\/wp-json\/wp\/v2\/media\/17247"}],"wp:attachment":[{"href":"https:\/\/producersart.com\/index.php\/wp-json\/wp\/v2\/media?parent=17251"}],"wp:term":[{"taxonomy":"product_cat","embeddable":true,"href":"https:\/\/producersart.com\/index.php\/wp-json\/wp\/v2\/product_cat?post=17251"},{"taxonomy":"product_tag","embeddable":true,"href":"https:\/\/producersart.com\/index.php\/wp-json\/wp\/v2\/product_tag?post=17251"}],"curies":[{"name":"wp","href":"https:\/\/api.w.org\/{rel}","templated":true}]}}