{"id":16751,"date":"2023-06-09T16:45:34","date_gmt":"2023-06-09T14:45:34","guid":{"rendered":"https:\/\/producersart.com\/?post_type=product&#038;p=16751"},"modified":"2023-06-09T16:45:35","modified_gmt":"2023-06-09T14:45:35","slug":"ko5","status":"publish","type":"product","link":"https:\/\/producersart.com\/index.php\/product\/ko5\/","title":{"rendered":"KO5"},"content":{"rendered":"<p>Objekt-Scanografie. Hierbei verschmelzen die beiden kontroversen Bereiche Bild und Objekt vollst\u00e4ndig: dreidimensionale Objekte, welche die K\u00fcnstlerin aus diversen Materialien erstellt, werden mittels eines alten Agfa-R\u00f6hrenscanner von 1998 in ein zweidimensionales Foto transferiert.<\/p>\n<p>Direktdruck auf 3 mm Alu-Dibond<br \/>\nAludibond<\/p>\n<p>oder<\/p>\n<p>hinter 2mm Acrylglas<br \/>\nEdition: 5<\/p>\n<p>Object Scanning. Here, the two controversial areas of image and object merge completely: three-dimensional objects, which the artist creates from various materials, are transferred into a two-dimensional photograph by means of an old Agfa tube scanner from 1998.<\/p>\n<p>Direct print on 3 mm Alu-Dibond<br \/>\nAludibond<\/p>\n<p>or<\/p>\n<p>behind 2mm acrylic glass<br \/>\nEdition: 5<\/p>\n<p>&nbsp;<\/p>\n","protected":false},"excerpt":{"rendered":"<p>Objekt-Scanografie<\/p>\n","protected":false},"featured_media":16750,"template":"","meta":{"_acf_changed":false,"_et_pb_use_builder":"","_et_pb_old_content":"","_et_gb_content_width":""},"product_cat":[29],"product_tag":[],"acf":[],"_links":{"self":[{"href":"https:\/\/producersart.com\/index.php\/wp-json\/wp\/v2\/product\/16751"}],"collection":[{"href":"https:\/\/producersart.com\/index.php\/wp-json\/wp\/v2\/product"}],"about":[{"href":"https:\/\/producersart.com\/index.php\/wp-json\/wp\/v2\/types\/product"}],"wp:featuredmedia":[{"embeddable":true,"href":"https:\/\/producersart.com\/index.php\/wp-json\/wp\/v2\/media\/16750"}],"wp:attachment":[{"href":"https:\/\/producersart.com\/index.php\/wp-json\/wp\/v2\/media?parent=16751"}],"wp:term":[{"taxonomy":"product_cat","embeddable":true,"href":"https:\/\/producersart.com\/index.php\/wp-json\/wp\/v2\/product_cat?post=16751"},{"taxonomy":"product_tag","embeddable":true,"href":"https:\/\/producersart.com\/index.php\/wp-json\/wp\/v2\/product_tag?post=16751"}],"curies":[{"name":"wp","href":"https:\/\/api.w.org\/{rel}","templated":true}]}}