{"id":16366,"date":"2023-01-02T16:02:04","date_gmt":"2023-01-02T15:02:04","guid":{"rendered":"https:\/\/producersart.com\/?post_type=product&#038;p=16366"},"modified":"2023-01-02T16:02:05","modified_gmt":"2023-01-02T15:02:05","slug":"himmelssphare","status":"publish","type":"product","link":"https:\/\/producersart.com\/index.php\/product\/himmelssphare\/","title":{"rendered":"Himmelssph\u00e4re"},"content":{"rendered":"<p>Vorgef\u00fchl eines heissen Sommers im Stickstoffperoxyd<br \/>\n\u201eZwei Felder, ein Zentrum\u201c<br \/>\nWerkgruppe Malerei in \u00d6l auf Leinwand<br \/>\nDie Werke zeigen eine Gegen\u00fcberstellung zweier extremer Elemente oder Kr\u00e4fte, die auseinander streben, deren Ursprung aus der Mitte kommt. Die Mitte kann ebenfalls als Haltung gesehen werden.<br \/>\n\u201eZwei Felder mit Zentrum\u201c verbildlicht somit die innere Zerrissenheit. Ein visuelles Oxymoron: Zwei extrem unterschiedliche Elemente existieren gleichzeitig neben-, sowie miteinander. Wie nach dem taoistischen Prinzip des Yin und Yang, ist das eine im anderen enthalten. Wie in vielen von Curt Walters Werken, ist auch diese Werkgruppe ein Kommentar oder Vision zur momentanen \u00f6kologischen Lage. Der Streitfall Mensch vs. Natur, das Ringen um nat\u00fcrliche Ressourcen, wie Luft und Wasser gekennzeichnet durch die beiden Oppositionen, die ein Spannungsfeld bilden, welches sich im Zentrum aufl\u00f6st.<br \/>\nAbschliessend wurden die Werke durch den heissen Sommer 2018 beseelt, wodurch die eigenen dystopischen Erlebnisse verarbeitet und die inneren und \u00e4usseren Ver\u00e4nderungen in die Bilder verflechtet wurden. Vanessa Taningco, Z\u00fcrich 2018<\/p>\n","protected":false},"excerpt":{"rendered":"<p>Malerei, ein Vorgef\u00fchl eines heissen Sommers im Stickstoffperoxyd 2018; Werkreihe &quot;Zwei Felder, ein Zentum&quot; von 2018<\/p>\n","protected":false},"featured_media":16365,"template":"","meta":{"_acf_changed":false,"_et_pb_use_builder":"","_et_pb_old_content":"","_et_gb_content_width":""},"product_cat":[29],"product_tag":[],"acf":[],"_links":{"self":[{"href":"https:\/\/producersart.com\/index.php\/wp-json\/wp\/v2\/product\/16366"}],"collection":[{"href":"https:\/\/producersart.com\/index.php\/wp-json\/wp\/v2\/product"}],"about":[{"href":"https:\/\/producersart.com\/index.php\/wp-json\/wp\/v2\/types\/product"}],"wp:featuredmedia":[{"embeddable":true,"href":"https:\/\/producersart.com\/index.php\/wp-json\/wp\/v2\/media\/16365"}],"wp:attachment":[{"href":"https:\/\/producersart.com\/index.php\/wp-json\/wp\/v2\/media?parent=16366"}],"wp:term":[{"taxonomy":"product_cat","embeddable":true,"href":"https:\/\/producersart.com\/index.php\/wp-json\/wp\/v2\/product_cat?post=16366"},{"taxonomy":"product_tag","embeddable":true,"href":"https:\/\/producersart.com\/index.php\/wp-json\/wp\/v2\/product_tag?post=16366"}],"curies":[{"name":"wp","href":"https:\/\/api.w.org\/{rel}","templated":true}]}}