{"id":16364,"date":"2023-01-02T16:02:03","date_gmt":"2023-01-02T15:02:03","guid":{"rendered":"https:\/\/producersart.com\/?post_type=product&#038;p=16364"},"modified":"2023-01-02T17:02:56","modified_gmt":"2023-01-02T16:02:56","slug":"islandische-welle","status":"publish","type":"product","link":"https:\/\/producersart.com\/index.php\/product\/islandische-welle\/","title":{"rendered":"Isl\u00e4ndische Welle"},"content":{"rendered":"<p>Icelandic wave, ondata islandese; Size: 102 x 142.5 cm; Painting: Venetian enamel oil painting on canvas; Special: The original creative force; Condition: Flawless; Theme: Lyrical Landscape; Quality: Exceptional; Inspiration: Gustave Courbet: &quot;The Wave&quot;; pigments: ivory black SAX, Heydalsvegur, Brimisvellir yellow, Snaefellsjoekull red, 12409 sepia, turquoise OZO, ultramarine blue, zinc white; Medium: Temperone, Swedish linseed oil, larch turpentine from South Tyrol; tribute to the wind; Date of creation: 11.1.2018<\/p>\n<p>Isl\u00e4ndische Welle, ondata islandese; Gr\u00f6sse: 102 x 142.5 cm; Malerei: Venezianische Email-\u00d6l Malerei auf Leinwand; Besonderes: Die urspruengliche schoepferische Kraft; Zustand: Makellos; Thema: Lyrische Landschft; Qualit\u00e4t: Exzeptionell; Inspiration: Gustave Courbet: \u201eDie Welle\u201c; Pigmente:Elfenbeinschwarz SAX, Heydalsvegur, Brimisvellir gelb, Snaefellsjoekull rot, 12409 Sepia, T\u00fcrkis OZO, ultramarine blau, Zinkweiss; Malmittel: Temperone, schwedisches Lein\u00f6l, L\u00e4rchenterpentin aus S\u00fcdtirol; Hommage an den Wind; Datum der Entstehung: 11.1.2018<\/p>\n","protected":false},"excerpt":{"rendered":"<p>Isl\u00e4ndische Welle, ;ondata islandese; is a vision for Iceland. The island will be hit by a tsunami. Courtesy by Curt Walter, Monte 2018<\/p>\n","protected":false},"featured_media":16363,"template":"","meta":{"_acf_changed":false,"_et_pb_use_builder":"","_et_pb_old_content":"","_et_gb_content_width":""},"product_cat":[29],"product_tag":[],"acf":[],"_links":{"self":[{"href":"https:\/\/producersart.com\/index.php\/wp-json\/wp\/v2\/product\/16364"}],"collection":[{"href":"https:\/\/producersart.com\/index.php\/wp-json\/wp\/v2\/product"}],"about":[{"href":"https:\/\/producersart.com\/index.php\/wp-json\/wp\/v2\/types\/product"}],"wp:featuredmedia":[{"embeddable":true,"href":"https:\/\/producersart.com\/index.php\/wp-json\/wp\/v2\/media\/16363"}],"wp:attachment":[{"href":"https:\/\/producersart.com\/index.php\/wp-json\/wp\/v2\/media?parent=16364"}],"wp:term":[{"taxonomy":"product_cat","embeddable":true,"href":"https:\/\/producersart.com\/index.php\/wp-json\/wp\/v2\/product_cat?post=16364"},{"taxonomy":"product_tag","embeddable":true,"href":"https:\/\/producersart.com\/index.php\/wp-json\/wp\/v2\/product_tag?post=16364"}],"curies":[{"name":"wp","href":"https:\/\/api.w.org\/{rel}","templated":true}]}}