{"id":16351,"date":"2023-01-02T16:02:06","date_gmt":"2023-01-02T15:02:06","guid":{"rendered":"https:\/\/producersart.com\/?post_type=product&#038;p=16351"},"modified":"2023-01-02T16:02:06","modified_gmt":"2023-01-02T15:02:06","slug":"ja-ich-bin","status":"publish","type":"product","link":"https:\/\/producersart.com\/index.php\/product\/ja-ich-bin\/","title":{"rendered":"Ja, ich BIN"},"content":{"rendered":"<p>Die Serie Ja, ich BIN die Kunstlehrerin! steht f\u00fcr die k\u00fcnstlerische Wiederaneignung des Bildes der eigenen Person als Reaktion auf dessen mediale Diskreditierung. Die K\u00fcnstlerin Angela Murr verdient ihren Lebensunterhalt als Kunstlehrerin an einer Schule. 2020 wurde sie zusammen mit anderen Akteur:innen in einem Boulevardmagazin als T\u00e4terin vermeintlicher schulischer Unterdr\u00fcckung dargestellt. Ein Rechtsverfahren ist noch anh\u00e4ngig.<br \/>\nIn Folge der Darstellungen in dem Boulevardblatt wurde die K\u00fcnstlerin verst\u00e4rkt privat angesprochen und beantwortete Fragen immer h\u00e4ufiger mit der Best\u00e4tigung: &quot;Ja, ich bin DIE Kunstlehrerin.&quot; Neben dem juristischen Weg bedarf es daher weiterer Strategien, um gegen\u00fcber den zwielichtigen Boulevardmedien eigene Gegen\u00f6ffentlichkeiten herzustellen. Mit den Mitteln der Kunst eignet sich Angela Murr ihre Pers\u00f6nlichkeit als unbescholtene Vertreterin eines wichtigen Berufsstandes wieder an und setzt damit ein Zeichen der souver\u00e4nen und freien Person. Dabei greift sie auf etablierte Protestmedien wie das Statement-T-Shirt zur\u00fcck sowie auf g\u00e4ngige typografische Stilmittel aus Boulevardpresse und Social Media zur\u00fcck.<\/p>\n","protected":false},"excerpt":{"rendered":"<p>Die Serie Ja, ich BIN steht f\u00fcr die k\u00fcnstlerische Wiederaneignung des Bildes der eigenen Person als Reaktion auf dessen mediale Diskreditierung. <\/p>\n","protected":false},"featured_media":16350,"template":"","meta":{"_acf_changed":false,"_et_pb_use_builder":"","_et_pb_old_content":"","_et_gb_content_width":""},"product_cat":[29],"product_tag":[],"acf":[],"_links":{"self":[{"href":"https:\/\/producersart.com\/index.php\/wp-json\/wp\/v2\/product\/16351"}],"collection":[{"href":"https:\/\/producersart.com\/index.php\/wp-json\/wp\/v2\/product"}],"about":[{"href":"https:\/\/producersart.com\/index.php\/wp-json\/wp\/v2\/types\/product"}],"wp:featuredmedia":[{"embeddable":true,"href":"https:\/\/producersart.com\/index.php\/wp-json\/wp\/v2\/media\/16350"}],"wp:attachment":[{"href":"https:\/\/producersart.com\/index.php\/wp-json\/wp\/v2\/media?parent=16351"}],"wp:term":[{"taxonomy":"product_cat","embeddable":true,"href":"https:\/\/producersart.com\/index.php\/wp-json\/wp\/v2\/product_cat?post=16351"},{"taxonomy":"product_tag","embeddable":true,"href":"https:\/\/producersart.com\/index.php\/wp-json\/wp\/v2\/product_tag?post=16351"}],"curies":[{"name":"wp","href":"https:\/\/api.w.org\/{rel}","templated":true}]}}