{"id":16332,"date":"2022-12-20T05:16:04","date_gmt":"2022-12-20T04:16:04","guid":{"rendered":"https:\/\/producersart.com\/?post_type=product&#038;p=16332"},"modified":"2022-12-20T14:35:31","modified_gmt":"2022-12-20T13:35:31","slug":"rose-cest-la-vie-der-galatea-fetzen","status":"publish","type":"product","link":"https:\/\/producersart.com\/index.php\/product\/rose-cest-la-vie-der-galatea-fetzen\/","title":{"rendered":"ROSE, C&#8217;EST LA VIE. DER GALATEA-FETZEN"},"content":{"rendered":"<p>Die Wandarbeit besteht aus einem St\u00fcck gefilzter Wolle in zartem Ros\u00e9-Ton. Die Form des Wollfilzes erinnert an ein St\u00fcck abgezogene Tierhaut (Fell, Leder). An zentraler Stelle ist ein nierenf\u00f6rmiger Durchbruch in der Wolle: in diesem Bereich stehen aus einer glatten Oberfl\u00e4che Stacheln hervor. Farbe und Materialit\u00e4t wecken Assoziationen an K\u00f6rperlichkeit und Sexualit\u00e4t, an menschliche Haut, Haare, Fleisch. Mit dem K\u00f6rper einher geht allerdings auch Schmerz, Krankheit und Verg\u00e4nglichkeit.<br \/>\nDer Zartheit der Wolle steht die Aggressivit\u00e4t (oder Wehrhaftigkeit) des stacheligen Schildes gegen\u00fcber.<br \/>\nDer zweiteilige Titel verweist auf folgende Referenzen: zum einen beziehe ich mich auf Marcel Duchamp bzw. sein weibliches Alter Ego mit dem Namen Rrose S\u00e9lavy, welcher als Wortspiel des franz\u00f6sischen Ausspruchs \u00aberos, c\u2019est la vie\u00bb gilt. Zum anderen spiele ich auf die Sage des Pygmalion aus der griechischen Mythologie an: ein Bildhauer verliebt sich in die von ihm geschaffene Statue (Galatea) und w\u00fcnscht, dass diese lebendig werden solle, um sich mit ihr zu vereinen.<br \/>\nBeide sind auf der Suche nach einem Ideal aus ihrer Vorstellung, welches mit der Realit\u00e4t nur schwer in Einklang zu bringen ist. Duchamp arbeitete 20 Jahre versteckt an seinem letzten Werk \u00ab\u00c9tant Donn\u00e9s\u00bb, das in einer voyeuristischen Szenerie einen nackten Frauenk\u00f6rper in einer Art Diorama zeigt. Die Vorbilder dazu sollen seine letzten beiden Geliebten gewesen sein.<br \/>\nDie ewige Suche nach der idealen weiblichen Figur, die bei Pygmalion mit der Schaffung der Elfenbeinstatue beendet zu sein scheint, entpuppt sich als Entt\u00e4uschung, da ihre Vollkommenheit nur von \u00e4u\u00dferlicher Natur ist und die gew\u00fcnschte Lebendigkeit immer an Ver\u00e4nderung gekoppelt ist.<br \/>\nIm Gegensatz dazu erhebt der \u00abGalatea-Fetzen\u00bb keinen Anspruch auf Perfektion oder Vollst\u00e4ndigkeit. Er ist nur das Fragment eines Ganzen: \u00abC\u2019est la vie!\u00bb<\/p>\n","protected":false},"excerpt":{"rendered":"<p>Die Wandarbeit besteht aus einem St\u00fcck gefilzter Wolle in zartem Ros\u00e9-Ton. Die Form des Wollfilzes erinnert an ein St\u00fcck abgezogene Tierhaut (Fell, Leder). An zentraler Stelle ist ein nierenf\u00f6rmiger Durchbruch in der Wolle: in diesem Bereich stehen aus einer glatten Oberfl\u00e4che Stacheln hervor. Farbe und Materialit\u00e4t wecken Assoziationen an K\u00f6rperlichkeit und Sexualit\u00e4t, an menschliche Haut, [&hellip;]<\/p>\n","protected":false},"featured_media":16331,"template":"","meta":{"_acf_changed":false,"_et_pb_use_builder":"","_et_pb_old_content":"","_et_gb_content_width":""},"product_cat":[29],"product_tag":[],"acf":[],"_links":{"self":[{"href":"https:\/\/producersart.com\/index.php\/wp-json\/wp\/v2\/product\/16332"}],"collection":[{"href":"https:\/\/producersart.com\/index.php\/wp-json\/wp\/v2\/product"}],"about":[{"href":"https:\/\/producersart.com\/index.php\/wp-json\/wp\/v2\/types\/product"}],"wp:featuredmedia":[{"embeddable":true,"href":"https:\/\/producersart.com\/index.php\/wp-json\/wp\/v2\/media\/16331"}],"wp:attachment":[{"href":"https:\/\/producersart.com\/index.php\/wp-json\/wp\/v2\/media?parent=16332"}],"wp:term":[{"taxonomy":"product_cat","embeddable":true,"href":"https:\/\/producersart.com\/index.php\/wp-json\/wp\/v2\/product_cat?post=16332"},{"taxonomy":"product_tag","embeddable":true,"href":"https:\/\/producersart.com\/index.php\/wp-json\/wp\/v2\/product_tag?post=16332"}],"curies":[{"name":"wp","href":"https:\/\/api.w.org\/{rel}","templated":true}]}}