{"id":15920,"date":"2022-10-13T18:46:05","date_gmt":"2022-10-13T16:46:05","guid":{"rendered":"https:\/\/producersart.com\/?post_type=product&#038;p=15920"},"modified":"2022-10-13T18:46:05","modified_gmt":"2022-10-13T16:46:05","slug":"howl","status":"publish","type":"product","link":"https:\/\/producersart.com\/index.php\/product\/howl\/","title":{"rendered":"HOWL"},"content":{"rendered":"<p>Die Arbeit von Katja Windau weist vielerlei mehrschichtige Bez\u00fcge auf. Kunstkenner*innen werden sich beim Anblick der gro\u00dfen Filzplastik erinnert f\u00fchlen an m\u00e4nnliche Vertreter der j\u00fcngeren Kunstgeschichte wie Joseph Beuys, Robert Morris, aber auch Franz Erhard Walther. Der industriell gefertigte Stoff wurde von der K\u00fcnstlerin mit der Filznadel \u2013 einem traditionell weiblich konnotierten Handwerk \u2013 bearbeitet und gro\u00dfe L\u00f6cher erwecken den Anschein einer Fratze. Durch die Aussparungen hat der Stoff seine Funktionalit\u00e4t als K\u00e4lteschutz verloren. Unter dem Eindruck des russischen Angriffskrieges entstanden, verweist die Arbeit auf die prek\u00e4ren Lebensumst\u00e4nde zahlreicher Ukrainerinnen mit ihren Kindern, die sich auf die Flucht begeben mussten.<\/p>\n<p>(Lara Bader)<\/p>\n","protected":false},"excerpt":{"rendered":"<p>Die Arbeit von Katja Windau weist vielerlei mehrschichtige Bez\u00fcge auf. Kunstkenner*innen werden sich beim Anblick der gro\u00dfen Filzplastik erinnert f\u00fchlen an m\u00e4nnliche Vertreter der j\u00fcngeren Kunstgeschichte wie Joseph Beuys, Robert Morris, aber auch Franz Erhard Walther. Der industriell gefertigte Stoff wurde von der K\u00fcnstlerin mit der Filznadel \u2013 einem traditionell weiblich konnotierten Handwerk \u2013 bearbeitet [&hellip;]<\/p>\n","protected":false},"featured_media":15919,"template":"","meta":{"_acf_changed":false,"_et_pb_use_builder":"","_et_pb_old_content":"","_et_gb_content_width":""},"product_cat":[29],"product_tag":[],"acf":[],"_links":{"self":[{"href":"https:\/\/producersart.com\/index.php\/wp-json\/wp\/v2\/product\/15920"}],"collection":[{"href":"https:\/\/producersart.com\/index.php\/wp-json\/wp\/v2\/product"}],"about":[{"href":"https:\/\/producersart.com\/index.php\/wp-json\/wp\/v2\/types\/product"}],"wp:featuredmedia":[{"embeddable":true,"href":"https:\/\/producersart.com\/index.php\/wp-json\/wp\/v2\/media\/15919"}],"wp:attachment":[{"href":"https:\/\/producersart.com\/index.php\/wp-json\/wp\/v2\/media?parent=15920"}],"wp:term":[{"taxonomy":"product_cat","embeddable":true,"href":"https:\/\/producersart.com\/index.php\/wp-json\/wp\/v2\/product_cat?post=15920"},{"taxonomy":"product_tag","embeddable":true,"href":"https:\/\/producersart.com\/index.php\/wp-json\/wp\/v2\/product_tag?post=15920"}],"curies":[{"name":"wp","href":"https:\/\/api.w.org\/{rel}","templated":true}]}}