{"id":15798,"date":"2022-09-05T08:20:56","date_gmt":"2022-09-05T06:20:56","guid":{"rendered":"https:\/\/producersart.com\/?post_type=product&#038;p=15798"},"modified":"2022-09-05T08:20:57","modified_gmt":"2022-09-05T06:20:57","slug":"out-of-this-century-2","status":"publish","type":"product","link":"https:\/\/producersart.com\/index.php\/product\/out-of-this-century-2\/","title":{"rendered":"Out of this Century 2"},"content":{"rendered":"<p>Bj\u00f6rn Streeck folgt in seinem Werk einer ausgepr\u00e4gten Faszination an einer Struktur- und Formgeschichte der Grafik und Malerei, die in verselbst\u00e4ndigten Typologien in unserem Bildged\u00e4chtnis haften bleiben. Wenn es einen kleinsten gemeinsamen Nenner der modernistischen Innovations- und Entwicklungsgeschichte gibt, das Inventar der Formen, die in das kollektive Vokabular der kreativen Klasse eingehen, dann forscht Streeck gewisserma\u00dfen an der Absurdit\u00e4t ihrer Aktualisierung.<\/p>\n<p>All die systematischen Antworten der Kunst auf diese Fragen sind ihm bekannt. Subjektive Gesten, die Integration des Zufalls, die Bezugnahme auf den K\u00f6rper, die Serialit\u00e4t \u2013 Kunst hat einen unermesslichen Methodenbausatz geschaffen, in dem sich die Abstraktion rekonfigurieren l\u00e4sst. Streeck aber interessiert sich nicht nur f\u00fcr das gegl\u00fcckte Bild als Meilenstein einer historischen Evolution, sondern ebenso sehr das unterlassene Bild, die Alternative zur formalen Entscheidung, die unrealisierte M\u00f6glichkeit.<\/p>\n","protected":false},"excerpt":{"rendered":"<p>Bj\u00f6rn Streeck folgt in seinem Werk einer ausgepr\u00e4gten Faszination an einer Struktur- und Formgeschichte der Grafik und Malerei, die in verselbst\u00e4ndigten Typologien in unserem Bildged\u00e4chtnis haften bleiben. Wenn es einen kleinsten gemeinsamen Nenner der modernistischen Innovations- und Entwicklungsgeschichte gibt, das Inventar der Formen, die in das kollektive Vokabular der kreativen Klasse eingehen, dann forscht Streeck [&hellip;]<\/p>\n","protected":false},"featured_media":15797,"template":"","meta":{"_acf_changed":false,"_et_pb_use_builder":"","_et_pb_old_content":"","_et_gb_content_width":""},"product_cat":[29],"product_tag":[],"acf":[],"_links":{"self":[{"href":"https:\/\/producersart.com\/index.php\/wp-json\/wp\/v2\/product\/15798"}],"collection":[{"href":"https:\/\/producersart.com\/index.php\/wp-json\/wp\/v2\/product"}],"about":[{"href":"https:\/\/producersart.com\/index.php\/wp-json\/wp\/v2\/types\/product"}],"wp:featuredmedia":[{"embeddable":true,"href":"https:\/\/producersart.com\/index.php\/wp-json\/wp\/v2\/media\/15797"}],"wp:attachment":[{"href":"https:\/\/producersart.com\/index.php\/wp-json\/wp\/v2\/media?parent=15798"}],"wp:term":[{"taxonomy":"product_cat","embeddable":true,"href":"https:\/\/producersart.com\/index.php\/wp-json\/wp\/v2\/product_cat?post=15798"},{"taxonomy":"product_tag","embeddable":true,"href":"https:\/\/producersart.com\/index.php\/wp-json\/wp\/v2\/product_tag?post=15798"}],"curies":[{"name":"wp","href":"https:\/\/api.w.org\/{rel}","templated":true}]}}