{"id":15786,"date":"2022-09-05T08:21:00","date_gmt":"2022-09-05T06:21:00","guid":{"rendered":"https:\/\/producersart.com\/?post_type=product&#038;p=15786"},"modified":"2022-09-05T08:21:01","modified_gmt":"2022-09-05T06:21:01","slug":"autoritat-1","status":"publish","type":"product","link":"https:\/\/producersart.com\/index.php\/product\/autoritat-1\/","title":{"rendered":"Autorit\u00e4t 1"},"content":{"rendered":"<p>Autorit\u00e4t<br \/>\neinen Zustand erreichen wollen<br \/>\ndiesen Zustand nicht erfu\u0308llt bekommen<br \/>\neinen neuen Zustand hieraus erzeugen<br \/>\nSuminagashi ist eine japanische Marmoriertechnik, bei der Tinten auf eine Wasseroberfl\u00e4che aufgebracht werden.<br \/>\nDurch die spezifischen physikalischen Eigenschaften der Materialien, breitet sich die Tinte auf der Wasseroberfl\u00e4che aus.<br \/>\nMit einem Papier wird das Tintenbild abgenommen.<br \/>\nMit dem Moment, in dem die Tinte das Wasser beru\u0308hrt, endet der eigene Einfluss auf die Bildentwicklung. Die Ausbreitung der Tinte unterliegt Umweltfaktoren und ist nicht vorhersehbar und ist in ihrem Ergebnis nicht wiederholbar.<br \/>\nDer Anfang und das Ende dieses Prozesses sind selbstbestimmt. Das Tintenbild ist ein Abbild wechselseitiger Bedingungen.<br \/>\nDas zuvor marmorierte Papier wird fl\u00e4chig mit Karton beklebt und dann wieder abgerissen. Das Rei\u00dfen des Papieres ist ein grober Akt und in seinem Ergebnis wenig kalkulierbar. Das Papier wird abrei\u00dfen, nur genau bestimmen l\u00e4sst es sich nicht.<br \/>\nDer Wechsel in Bestimmung und Zufall als Eigenheiten der ausgew\u00e4hlten Techniken, erzeugen in jedem Blatt Abbilder des Scheiterns eines intendierten Bildes. Die Integration dieser Zuf\u00e4lle in die Fortfu\u0308hrung der Bildwerdung,<br \/>\nist eine dynamische Reaktion lebendig innerhalb einer Vorstellung auf Ver\u00e4nderung zu reagieren und diese zu Ungunsten einer Fixierung aufzugeben.<\/p>\n","protected":false},"excerpt":{"rendered":"<p>Autorit\u00e4t einen Zustand erreichen wollen diesen Zustand nicht erfu\u0308llt bekommen einen neuen Zustand hieraus erzeugen Suminagashi ist eine japanische Marmoriertechnik, bei der Tinten auf eine Wasseroberfl\u00e4che aufgebracht werden. Durch die spezifischen physikalischen Eigenschaften der Materialien, breitet sich die Tinte auf der Wasseroberfl\u00e4che aus. Mit einem Papier wird das Tintenbild abgenommen. Mit dem Moment, in dem [&hellip;]<\/p>\n","protected":false},"featured_media":15785,"template":"","meta":{"_acf_changed":false,"_et_pb_use_builder":"","_et_pb_old_content":"","_et_gb_content_width":""},"product_cat":[29],"product_tag":[],"acf":[],"_links":{"self":[{"href":"https:\/\/producersart.com\/index.php\/wp-json\/wp\/v2\/product\/15786"}],"collection":[{"href":"https:\/\/producersart.com\/index.php\/wp-json\/wp\/v2\/product"}],"about":[{"href":"https:\/\/producersart.com\/index.php\/wp-json\/wp\/v2\/types\/product"}],"wp:featuredmedia":[{"embeddable":true,"href":"https:\/\/producersart.com\/index.php\/wp-json\/wp\/v2\/media\/15785"}],"wp:attachment":[{"href":"https:\/\/producersart.com\/index.php\/wp-json\/wp\/v2\/media?parent=15786"}],"wp:term":[{"taxonomy":"product_cat","embeddable":true,"href":"https:\/\/producersart.com\/index.php\/wp-json\/wp\/v2\/product_cat?post=15786"},{"taxonomy":"product_tag","embeddable":true,"href":"https:\/\/producersart.com\/index.php\/wp-json\/wp\/v2\/product_tag?post=15786"}],"curies":[{"name":"wp","href":"https:\/\/api.w.org\/{rel}","templated":true}]}}