{"id":15481,"date":"2022-05-30T22:30:51","date_gmt":"2022-05-30T20:30:51","guid":{"rendered":"https:\/\/producersart.com\/?post_type=product&#038;p=15481"},"modified":"2022-05-30T23:04:09","modified_gmt":"2022-05-30T21:04:09","slug":"checking-the-caboose-radio","status":"publish","type":"product","link":"https:\/\/producersart.com\/index.php\/product\/checking-the-caboose-radio\/","title":{"rendered":"Checking the caboose radio"},"content":{"rendered":"<p>Es begann 1992 mit einem Casting \u00fcber drei Monate. Anzeigen in der Tageszeitung, Aush\u00e4nge in Fitnessclubs und zwei Assistenten, die w\u00f6chentlich zweimal abends auf Suche gingen. Zum Schluss kamen innerhalb einer Woche 154 Personen zu mir ins Studio, die auf VHS  Kassetten gefilmt wurden, um deren Bewegungsabl\u00e4ufe zu studieren. 15 Personen wurden ausgesucht. Das Projekt hie\u00df \u201eStreamlined Bodies\u201c und basierte auf der Idee, athletische K\u00f6rper entlang von Stromlinienlokomotiven zu fotografieren. Wie sich herausstellte, war das als Kalenderprojekt der Zeit zu weit voraus. Es wurde ein Kleinert Leporello, es gab wieder mal einen Preis beim Art Directors Club und mehr als die H\u00e4lfte der wundersch\u00f6nen Menschen lieb ungenutzt. 2003 kaufte ich mir einen Imacon Scanner. Jetzt wurden die Motive mit 6400 dpi gescannt. &#8211; Ich bin ein Sammler, aber nicht der Komplettierung willen. Was ausgeguckt ist geht wieder in die Welt zur\u00fcck. Dinge bleiben bei mir \u00fcber Wochen, manchmal auch Jahrzehnte. Und was jetzt hier in meinen Motiven auftaucht, ist was mich t\u00e4glich umgibt, im Regal, an der Wand h\u00e4ngend oder in Schachteln. Immer griffbereit, in Szene gesetzt zum werden. Im Herbst 2019 kam mir dann die Idee. Die gesamte Serie ist mit der Leica SL2 und dem Super-Vario-Elmar-SL 16-35mm ausschlie\u00dflich mit 16mm und Blende 16 fotografiert worden. <\/p>\n","protected":false},"excerpt":{"rendered":"<p>Image Size on Paper is 48,5 x 40 cm<\/p>\n","protected":false},"featured_media":15480,"template":"","meta":{"_acf_changed":false,"_et_pb_use_builder":"","_et_pb_old_content":"","_et_gb_content_width":""},"product_cat":[34],"product_tag":[],"acf":[],"_links":{"self":[{"href":"https:\/\/producersart.com\/index.php\/wp-json\/wp\/v2\/product\/15481"}],"collection":[{"href":"https:\/\/producersart.com\/index.php\/wp-json\/wp\/v2\/product"}],"about":[{"href":"https:\/\/producersart.com\/index.php\/wp-json\/wp\/v2\/types\/product"}],"wp:featuredmedia":[{"embeddable":true,"href":"https:\/\/producersart.com\/index.php\/wp-json\/wp\/v2\/media\/15480"}],"wp:attachment":[{"href":"https:\/\/producersart.com\/index.php\/wp-json\/wp\/v2\/media?parent=15481"}],"wp:term":[{"taxonomy":"product_cat","embeddable":true,"href":"https:\/\/producersart.com\/index.php\/wp-json\/wp\/v2\/product_cat?post=15481"},{"taxonomy":"product_tag","embeddable":true,"href":"https:\/\/producersart.com\/index.php\/wp-json\/wp\/v2\/product_tag?post=15481"}],"curies":[{"name":"wp","href":"https:\/\/api.w.org\/{rel}","templated":true}]}}