{"id":14667,"date":"2022-01-24T11:01:05","date_gmt":"2022-01-24T10:01:05","guid":{"rendered":"https:\/\/producersart.com\/?post_type=product&#038;p=14667"},"modified":"2022-01-24T11:01:05","modified_gmt":"2022-01-24T10:01:05","slug":"farbfeldforschung-2","status":"publish","type":"product","link":"https:\/\/producersart.com\/index.php\/product\/farbfeldforschung-2\/","title":{"rendered":"Farbfeldforschung 2"},"content":{"rendered":"<p>Der Fokus liegt\u00a0 nicht nur auf der Farbigkeit. Viel mehr erzeugt die K\u00fcnstlerin durch den Einsatz von Farbe, Papier und weiteren Materialit\u00e4ten gleichzeitig changierende Farbigkeit, Fl\u00e4chigkeit und R\u00e4umlichkeit. Auch wenn die Kunstwerke in Schwarz und Wei\u00df gestaltet sind, l\u00e4sst die Farbigkeit ein Gros an zus\u00e4tzlichen, zwischen diesen beiden Polen angesiedelten, Farbwerten erkennen. Zum Tr\u00e4ger ihrer Inhalte arriviert Hildegard Mann auf diese Weise vor allem das Licht. Das Licht \u2013 das auf der plastischen Oberfl\u00e4che entweder eingefangen oder reflektiert wird \u2013 ist es, welches das Farbspektrum zwischen wei\u00df und schwarz f\u00fcr das Auge der Rezipient:innen er\u00f6ffnet. So lassen die Kunstwerke an das philosophische Prinzip der Polarit\u00e4t denken: Bei den beiden Polen schwarz und wei\u00df handelt es sich um gegens\u00e4tzliche Enden einer Einheit.<\/p>\n<p>Zitat: Dr. Maya Gro\u00dfmann<\/p>\n","protected":false},"excerpt":{"rendered":"<p>Die Farbwahrnehmung der einzelnen Papierquadrate \u00e4ndert sich durch \u00e4u\u00dfere Bedingungen, z.B. durch unterschiedliche Behandlung der Oberfl\u00e4che \u2013 grob, glatt, matt, gl\u00e4nzend \u2013 und durch den Blickwinkel .<\/p>\n","protected":false},"featured_media":14666,"template":"","meta":{"_acf_changed":false,"_et_pb_use_builder":"","_et_pb_old_content":"","_et_gb_content_width":""},"product_cat":[29],"product_tag":[],"acf":[],"_links":{"self":[{"href":"https:\/\/producersart.com\/index.php\/wp-json\/wp\/v2\/product\/14667"}],"collection":[{"href":"https:\/\/producersart.com\/index.php\/wp-json\/wp\/v2\/product"}],"about":[{"href":"https:\/\/producersart.com\/index.php\/wp-json\/wp\/v2\/types\/product"}],"wp:featuredmedia":[{"embeddable":true,"href":"https:\/\/producersart.com\/index.php\/wp-json\/wp\/v2\/media\/14666"}],"wp:attachment":[{"href":"https:\/\/producersart.com\/index.php\/wp-json\/wp\/v2\/media?parent=14667"}],"wp:term":[{"taxonomy":"product_cat","embeddable":true,"href":"https:\/\/producersart.com\/index.php\/wp-json\/wp\/v2\/product_cat?post=14667"},{"taxonomy":"product_tag","embeddable":true,"href":"https:\/\/producersart.com\/index.php\/wp-json\/wp\/v2\/product_tag?post=14667"}],"curies":[{"name":"wp","href":"https:\/\/api.w.org\/{rel}","templated":true}]}}