{"id":14663,"date":"2022-01-24T11:01:06","date_gmt":"2022-01-24T10:01:06","guid":{"rendered":"https:\/\/producersart.com\/?post_type=product&#038;p=14663"},"modified":"2022-01-24T11:01:06","modified_gmt":"2022-01-24T10:01:06","slug":"farbfeldforschung-1","status":"publish","type":"product","link":"https:\/\/producersart.com\/index.php\/product\/farbfeldforschung-1\/","title":{"rendered":"Farbfeldforschung 1"},"content":{"rendered":"<p>Die\u00a0 zusammengef\u00fcgten \u201ePapierquadrate\u201c der Arbeit \u201eFarbfeldforschung\u201c er\u00f6ffnen zwischen Schwarz und Wei\u00df changierende Farbwelten. Das Muster, das durch die Quadrate erzeugt wird, ist sowohl vertikal als auch horizontal lesbar. Die klassische Lesrichtung eines Gem\u00e4ldes (von links oben, nach rechts unten) wird dadurch aufgebrochen. So wird der Blick der Rezipient:innen dynamisiert. Eingang in das Bild findet der Blick der Betrachter:innen hier mittig. Von der Bildmitte ausgehend wird der Blick in unterschiedliche Richtungen gef\u00fchrt.<\/p>\n","protected":false},"excerpt":{"rendered":"<p>Die Farbwahrnehmung der einzelnen Papierquadrate \u00e4ndert sich durch \u00e4u\u00dfere Bedingungen, z.B. durch unterschiedliche Behandlung der Oberfl\u00e4che &#8211; grob, glatt, matt, gl\u00e4nzend &#8211; und durch den Blickwinkel .<\/p>\n","protected":false},"featured_media":14662,"template":"","meta":{"_acf_changed":false,"_et_pb_use_builder":"","_et_pb_old_content":"","_et_gb_content_width":""},"product_cat":[29],"product_tag":[],"acf":[],"_links":{"self":[{"href":"https:\/\/producersart.com\/index.php\/wp-json\/wp\/v2\/product\/14663"}],"collection":[{"href":"https:\/\/producersart.com\/index.php\/wp-json\/wp\/v2\/product"}],"about":[{"href":"https:\/\/producersart.com\/index.php\/wp-json\/wp\/v2\/types\/product"}],"wp:featuredmedia":[{"embeddable":true,"href":"https:\/\/producersart.com\/index.php\/wp-json\/wp\/v2\/media\/14662"}],"wp:attachment":[{"href":"https:\/\/producersart.com\/index.php\/wp-json\/wp\/v2\/media?parent=14663"}],"wp:term":[{"taxonomy":"product_cat","embeddable":true,"href":"https:\/\/producersart.com\/index.php\/wp-json\/wp\/v2\/product_cat?post=14663"},{"taxonomy":"product_tag","embeddable":true,"href":"https:\/\/producersart.com\/index.php\/wp-json\/wp\/v2\/product_tag?post=14663"}],"curies":[{"name":"wp","href":"https:\/\/api.w.org\/{rel}","templated":true}]}}