{"id":14353,"date":"2021-11-30T21:59:45","date_gmt":"2021-11-30T20:59:45","guid":{"rendered":"https:\/\/producersart.com\/?post_type=product&#038;p=14353"},"modified":"2021-11-30T21:59:45","modified_gmt":"2021-11-30T20:59:45","slug":"nyc-aus-meiner-serie-null-uhr-nachaktiv","status":"publish","type":"product","link":"https:\/\/producersart.com\/index.php\/product\/nyc-aus-meiner-serie-null-uhr-nachaktiv\/","title":{"rendered":"NYC aus meiner Serie &#8221; Null Uhr Nachaktiv&#8221;"},"content":{"rendered":"<p>Die Serie besteht aus diversen Motiven &#8211; die ich u.a. in Paris, London, Tel Aviv, Bratislava sp\u00e4t am Abend oder Mitternacht aufgenommen habe.<\/p>\n<p>Verwischte &quot;R\u00e4ume&quot; bei vielen Werken \u00dcberlagerungen von einer gewollten Unsch\u00e4rfe, die durch u.a. Langzeitbelichtungen konstruiert wurden.<\/p>\n<p>Die Arbeiten sind limitiert auf 8 plus 2 bei der Gr\u00f6sse 70 mal 100 cm.<\/p>\n<p>Da wir nun limitiert sind beim Reisen- durch das C- Virus- bin ich wirklich froh, dass ich meine Werkliste der St\u00e4dtebilder \u00a0in der Vergangenheit umfangreich verwirklichen dufte<\/p>\n","protected":false},"excerpt":{"rendered":"<p>NYC &#8211; die \u00dcberlagerungen meiner Fantasie- um diese Stadt und mein Gef\u00fchl dazu  darzustellen.<\/p>\n","protected":false},"featured_media":14352,"template":"","meta":{"_acf_changed":false,"_et_pb_use_builder":"","_et_pb_old_content":"","_et_gb_content_width":""},"product_cat":[29],"product_tag":[],"acf":[],"_links":{"self":[{"href":"https:\/\/producersart.com\/index.php\/wp-json\/wp\/v2\/product\/14353"}],"collection":[{"href":"https:\/\/producersart.com\/index.php\/wp-json\/wp\/v2\/product"}],"about":[{"href":"https:\/\/producersart.com\/index.php\/wp-json\/wp\/v2\/types\/product"}],"wp:featuredmedia":[{"embeddable":true,"href":"https:\/\/producersart.com\/index.php\/wp-json\/wp\/v2\/media\/14352"}],"wp:attachment":[{"href":"https:\/\/producersart.com\/index.php\/wp-json\/wp\/v2\/media?parent=14353"}],"wp:term":[{"taxonomy":"product_cat","embeddable":true,"href":"https:\/\/producersart.com\/index.php\/wp-json\/wp\/v2\/product_cat?post=14353"},{"taxonomy":"product_tag","embeddable":true,"href":"https:\/\/producersart.com\/index.php\/wp-json\/wp\/v2\/product_tag?post=14353"}],"curies":[{"name":"wp","href":"https:\/\/api.w.org\/{rel}","templated":true}]}}