{"id":14320,"date":"2021-11-29T19:24:09","date_gmt":"2021-11-29T18:24:09","guid":{"rendered":"https:\/\/producersart.com\/?post_type=product&#038;p=14320"},"modified":"2021-11-29T19:24:10","modified_gmt":"2021-11-29T18:24:10","slug":"phoenix-erde","status":"publish","type":"product","link":"https:\/\/producersart.com\/index.php\/product\/phoenix-erde\/","title":{"rendered":"Phoenix Erde"},"content":{"rendered":"<p>Die analogen Jahre meiner k\u00fcnstlerischen Laufbahn geben ein Bild davon ab, wie ich das Ruhrgebiet f\u00fcr mich selbst genutzt habe- neue R\u00e4ume zu entdecken, Industriellen und verlassene Geb\u00e4ude interessierten mich schon vor 24 Jahren \u2013 lange bevor der Hype um &quot; lost places&quot; durch Fotografen entdeckt wurde. Meine Serien entstanden alle aus freien Projekten, die ich inszenierte. U.a. 1997- 2004 mit Bodypaiting und von mir ausgew\u00e4hlten Motiven und Farben, die das Revier spiegeln sollten. Mit der Leica oder MF abgelichtete Motive ergeben eine spezielle Haptik.<\/p>\n<p>Das wichtige bei meinen Aufnahmen ist f\u00fcr mich, dass ich nicht mit prof. Models arbeite. Ich m\u00f6chte das authentische Wesen und damit auf keinen Fall Gesichter, die man \u00fcberall sehen k\u00f6nnte. Meine Models sind \u00a0zu 90 Prozent von mir angesprochen worden auf Strassen, bei zuf\u00e4lligen Begegnungen im Alltag. \u00a0Ich arbeite sehr viel mit Energie und Aura.<\/p>\n<p>Bei dem Werk habe ich die Erde und Natur im Auge. \u00c4hnlich einem Schachspiel gestattet sich die Menschenwelt \u00fcber sie zu gewinnen, sie auszubeuten oder geben wir uns gegenseitig die H\u00e4nde, weil es Zeit wird sie zu retten?!<\/p>\n","protected":false},"excerpt":{"rendered":"<p>Phoenix Gel\u00e4nde \/ analoge Kunstprojekte Eva-M. Horstick <\/p>\n","protected":false},"featured_media":14319,"template":"","meta":{"_acf_changed":false,"_et_pb_use_builder":"","_et_pb_old_content":"","_et_gb_content_width":""},"product_cat":[29],"product_tag":[],"acf":[],"_links":{"self":[{"href":"https:\/\/producersart.com\/index.php\/wp-json\/wp\/v2\/product\/14320"}],"collection":[{"href":"https:\/\/producersart.com\/index.php\/wp-json\/wp\/v2\/product"}],"about":[{"href":"https:\/\/producersart.com\/index.php\/wp-json\/wp\/v2\/types\/product"}],"wp:featuredmedia":[{"embeddable":true,"href":"https:\/\/producersart.com\/index.php\/wp-json\/wp\/v2\/media\/14319"}],"wp:attachment":[{"href":"https:\/\/producersart.com\/index.php\/wp-json\/wp\/v2\/media?parent=14320"}],"wp:term":[{"taxonomy":"product_cat","embeddable":true,"href":"https:\/\/producersart.com\/index.php\/wp-json\/wp\/v2\/product_cat?post=14320"},{"taxonomy":"product_tag","embeddable":true,"href":"https:\/\/producersart.com\/index.php\/wp-json\/wp\/v2\/product_tag?post=14320"}],"curies":[{"name":"wp","href":"https:\/\/api.w.org\/{rel}","templated":true}]}}