{"id":13930,"date":"2021-09-01T09:34:15","date_gmt":"2021-09-01T07:34:15","guid":{"rendered":"https:\/\/producersart.com\/?post_type=product&#038;p=13930"},"modified":"2021-09-01T09:34:15","modified_gmt":"2021-09-01T07:34:15","slug":"verunsicherte-anleger","status":"publish","type":"product","link":"https:\/\/producersart.com\/index.php\/product\/verunsicherte-anleger\/","title":{"rendered":"Verunsicherte Anleger"},"content":{"rendered":"<p>Als im ersten Lockdown 2020 eine Gartenschnecke \u00fcber ihre Steuererkl\u00e4rung kroch, hatte die K\u00fcnstlerin Luise Marchand die Idee zu ihrer neuen Arbeit &quot;Zeit ist Geld. Eine Schnecke ist eine Schnecke&quot;. Stattliche\u00a0Weichtiere, die sich auf oder neben Geldscheinen tummeln. F\u00fcr Luise Marchand, die sich in ihrer Arbeit mit &lt;em&gt;stock photography &lt;\/em&gt;und Werbe\u00e4sthetik auseinandersetzt, entwickelt sich aus der Zusammensetzung ein Kontrast zwischen kreat\u00fcrlicher Langsamkeit und beschleunigter \u00d6konomie. Die genaue Beobachtung der eher gem\u00fctlichen Wesen f\u00f6rdert f\u00fcr die Berlinerin Sensibilit\u00e4t und das menschliche Bed\u00fcrfnis nach R\u00fcckzug, f\u00fcr das im durchoptimierten Alltag jedoch selten Platz ist.<\/p>\n","protected":false},"excerpt":{"rendered":"<p>Als im ersten Lockdown 2020 eine Gartenschnecke \u00fcber ihre Steuererkl\u00e4rung kroch, hatte die K\u00fcnstlerin Luise Marchand die Idee zu ihrer neuen Arbeit &quot;Zeit ist Geld. Eine Schnecke ist eine Schnecke&quot;. Stattliche\u00a0Weichtiere, die sich auf oder neben Geldscheinen tummeln. F\u00fcr Luise Marchand, die sich in ihrer Arbeit mit &lt;em&gt;stock photography &lt;\/em&gt;und Werbe\u00e4sthetik auseinandersetzt, entwickelt sich aus [&hellip;]<\/p>\n","protected":false},"featured_media":13929,"template":"","meta":{"_acf_changed":false,"_et_pb_use_builder":"","_et_pb_old_content":"","_et_gb_content_width":""},"product_cat":[29],"product_tag":[],"acf":[],"_links":{"self":[{"href":"https:\/\/producersart.com\/index.php\/wp-json\/wp\/v2\/product\/13930"}],"collection":[{"href":"https:\/\/producersart.com\/index.php\/wp-json\/wp\/v2\/product"}],"about":[{"href":"https:\/\/producersart.com\/index.php\/wp-json\/wp\/v2\/types\/product"}],"wp:featuredmedia":[{"embeddable":true,"href":"https:\/\/producersart.com\/index.php\/wp-json\/wp\/v2\/media\/13929"}],"wp:attachment":[{"href":"https:\/\/producersart.com\/index.php\/wp-json\/wp\/v2\/media?parent=13930"}],"wp:term":[{"taxonomy":"product_cat","embeddable":true,"href":"https:\/\/producersart.com\/index.php\/wp-json\/wp\/v2\/product_cat?post=13930"},{"taxonomy":"product_tag","embeddable":true,"href":"https:\/\/producersart.com\/index.php\/wp-json\/wp\/v2\/product_tag?post=13930"}],"curies":[{"name":"wp","href":"https:\/\/api.w.org\/{rel}","templated":true}]}}