{"id":13922,"date":"2021-09-01T09:34:18","date_gmt":"2021-09-01T07:34:18","guid":{"rendered":"https:\/\/producersart.com\/?post_type=product&#038;p=13922"},"modified":"2021-09-01T09:34:18","modified_gmt":"2021-09-01T07:34:18","slug":"frida-within-me","status":"publish","type":"product","link":"https:\/\/producersart.com\/index.php\/product\/frida-within-me\/","title":{"rendered":"FRIDA WITHIN ME"},"content":{"rendered":"<p>Mit meinem Projekt m\u00f6chte ich die VIELFALT darstellen, die in allen Aspekten des Lebens pr\u00e4sent ist, sie ist ein Generator f\u00fcr Vereinbarungen und Meinungsverschiedenheiten, da sie einen der wichtigsten aktuellen Konflikte in unserer Gesellschaft darstellt. Jede Art von Vielfalt, ob ethnisch, kulturell oder sexuell, impliziert Werte wie Solidarit\u00e4t und Respekt f\u00fcr Unterschiede. In meiner Arbeit bezieht sich &quot;FRIDA WITHIN ME&quot; auf die M\u00f6glichkeit, dass ein Mensch seine sexuelle Orientierung und Geschlechtsidentit\u00e4t frei und verantwortungsvoll leben kann.<\/p>\n","protected":false},"excerpt":{"rendered":"<p>Against discrimination <\/p>\n","protected":false},"featured_media":13920,"template":"","meta":{"_acf_changed":false,"_et_pb_use_builder":"","_et_pb_old_content":"","_et_gb_content_width":""},"product_cat":[29],"product_tag":[],"acf":[],"_links":{"self":[{"href":"https:\/\/producersart.com\/index.php\/wp-json\/wp\/v2\/product\/13922"}],"collection":[{"href":"https:\/\/producersart.com\/index.php\/wp-json\/wp\/v2\/product"}],"about":[{"href":"https:\/\/producersart.com\/index.php\/wp-json\/wp\/v2\/types\/product"}],"wp:featuredmedia":[{"embeddable":true,"href":"https:\/\/producersart.com\/index.php\/wp-json\/wp\/v2\/media\/13920"}],"wp:attachment":[{"href":"https:\/\/producersart.com\/index.php\/wp-json\/wp\/v2\/media?parent=13922"}],"wp:term":[{"taxonomy":"product_cat","embeddable":true,"href":"https:\/\/producersart.com\/index.php\/wp-json\/wp\/v2\/product_cat?post=13922"},{"taxonomy":"product_tag","embeddable":true,"href":"https:\/\/producersart.com\/index.php\/wp-json\/wp\/v2\/product_tag?post=13922"}],"curies":[{"name":"wp","href":"https:\/\/api.w.org\/{rel}","templated":true}]}}