{"id":13903,"date":"2021-09-01T09:34:22","date_gmt":"2021-09-01T07:34:22","guid":{"rendered":"https:\/\/producersart.com\/?post_type=product&#038;p=13903"},"modified":"2021-09-01T09:34:23","modified_gmt":"2021-09-01T07:34:23","slug":"good-evil-bravo","status":"publish","type":"product","link":"https:\/\/producersart.com\/index.php\/product\/good-evil-bravo\/","title":{"rendered":"Good. Evil. Bravo!"},"content":{"rendered":"<p>Cornelia Renz interessiert sich f\u00fcr kulturelle Normen, Rollenmodelle und deren Urspr\u00fcnge. Jede Gesellschaft definiert f\u00fcr sich Vorbilder, die auch Einfluss auf die Bewertung der \u00abAnderen\u00bb haben \u2013 der \u00abFremden\u00bb ebenso wie der Angeh\u00f6rigen, die nicht nach der verordneten Norm leben. \u00abVerr\u00fcckt\u00bb versteht Renz mithin als einen Akt, Normen zu biegen: Regeln zu verr\u00fccken eben. In ihrer Arbeit nutzt sie vorhandene Bildmotive aus unterschiedlichsten Quellen, um diese dann durch ihr bildnerisches Montage-Verfahren zu verr\u00fccken. Dies spiegelt sich in ihrer Arbeitsweise. Sie arbeitet mit Pigmentstiften auf zwei Scheiben Acrylglas, die erst \u00fcbereinander gelegt ein Bild ergeben.<\/p>\n<p>Auf dem H\u00f6hepunkt der Schreckensherrschaft des IS erlebte Europa einen \u201aClash of Cultures\u2018 erlebte, der die bislang abgeschottete Sicherheit unseres Kontinents zum Wanken brachte. Auf die Zumutungen einer globalvernetzten Welt mit ihrer Gleichzeitigkeit einander widersprechender moralischer Parameter und gesellschaftlicher Entw\u00fcrfe, k\u00f6nnen manche Menschen nur mit radikaler Vereinfachung antworten. Dies spiegelt sich in der Serie &#039;Good\/Evil&#039;, zu der auch &#039;Good. Evil. Bravo!&#039; geh\u00f6rt, durch die Verwendung von Schlagw\u00f6rtern. Schlagw\u00f6rter und -zeilen paaren ihre verbale Schlagkraft gern mit visuellem Signalcharakter. 100 Punkt Fett \u2013 echte Hingucker! So werden sie auch von Renz verwendet. Ihre Bildsprache allerdings widersetzt sich dieser Eindeutigkeit, auch wenn sie selbst die lautstarken Versatzst\u00fccke von Werbung und vertrauten Bildrepertoires verarbeitet.<\/p>\n<p>Cornelia Renz is interested in cultural norms, role models and their origins. Each society defines role models for itself who also influence the assessment of the \u201cothers\u201d &#8211; the \u201cstrangers\u201d as well as the relatives who do not live according to the prescribed norm. Renz understands \u201ccrazy\u201d as an act of bending norms: simply shifting rules.<br \/>\nIn her work, she uses existing image motifs from a wide variety of sources in order to then move them through her artistic montage process. This is reflected in the way they work. She works with pigment pens on two sheets of acrylic glass, which only create a picture when placed one on top of the other.<\/p>\n<p>At the height of the IS reign of terror, Europe experienced a &#039;clash of cultures&#039; that shook the previously sealed-off security of our continent. Some people can only respond to the impositions of a globally networked world with its simultaneity of contradictory moral parameters and social designs with radical simplification. This is reflected in the series &#039;Good\/Evil&#039;, which also includes &#039;Good. Evil. Bravo!&#039;\u00a0 through the use of catchwords. Buzzwords and lines like to pair their verbal punch with visual signaling. 100 point bold &#8211; real eye-catchers! This is also how they are used by Renz. Her visual language, however, resists this unambiguousness, even though she herself uses the loud set pieces of advertising and familiar image repertoires.<\/p>\n","protected":false},"excerpt":{"rendered":"<p>The series Good. Evil deals with the impositions of a globally networked world with its simultaneity of contradictory moral parameters.<\/p>\n","protected":false},"featured_media":13902,"template":"","meta":{"_acf_changed":false,"_et_pb_use_builder":"","_et_pb_old_content":"","_et_gb_content_width":""},"product_cat":[29],"product_tag":[],"acf":[],"_links":{"self":[{"href":"https:\/\/producersart.com\/index.php\/wp-json\/wp\/v2\/product\/13903"}],"collection":[{"href":"https:\/\/producersart.com\/index.php\/wp-json\/wp\/v2\/product"}],"about":[{"href":"https:\/\/producersart.com\/index.php\/wp-json\/wp\/v2\/types\/product"}],"wp:featuredmedia":[{"embeddable":true,"href":"https:\/\/producersart.com\/index.php\/wp-json\/wp\/v2\/media\/13902"}],"wp:attachment":[{"href":"https:\/\/producersart.com\/index.php\/wp-json\/wp\/v2\/media?parent=13903"}],"wp:term":[{"taxonomy":"product_cat","embeddable":true,"href":"https:\/\/producersart.com\/index.php\/wp-json\/wp\/v2\/product_cat?post=13903"},{"taxonomy":"product_tag","embeddable":true,"href":"https:\/\/producersart.com\/index.php\/wp-json\/wp\/v2\/product_tag?post=13903"}],"curies":[{"name":"wp","href":"https:\/\/api.w.org\/{rel}","templated":true}]}}