{"id":13891,"date":"2021-09-01T09:34:21","date_gmt":"2021-09-01T07:34:21","guid":{"rendered":"https:\/\/producersart.com\/?post_type=product&#038;p=13891"},"modified":"2023-12-12T22:50:03","modified_gmt":"2023-12-12T21:50:03","slug":"day-in-day-out-lost","status":"publish","type":"product","link":"https:\/\/producersart.com\/index.php\/product\/day-in-day-out-lost\/","title":{"rendered":"Day in. Day out. Lost."},"content":{"rendered":"<p>\u2019Day In, Day Out\u2019 ist eine Serie von Linolschnitten und Zeichnungen, die den Zusammenprall der globalisierten und hochkomplexen Welt mit dem uralten limbischen System des Menschen mit seinen urspr\u00fcnglichen Reflexen kommentiert. Die Vernunft sitzt im modernen Stirnlappen, hat aber M\u00fche die aufgew\u00fchlten Reflexe zu kontrollieren.<\/p>\n<p>&#8216;Day In, Day Out&#8217; is a series of linocuts and drawings commenting on the collision of the globalized and highly complex world with man&#8217;s ancient limbic system with its primal reflexes. Reason sits in the modern frontal lobe, but struggles to control the agitated reflexes.<\/p>\n","protected":false},"excerpt":{"rendered":"<p>&#8216;Day In, Day Out&#8217; is a series of linocuts and drawings commenting on the collision of the globalized and highly complex world with man&#8217;s ancient limbic system with its primal reflexes.<\/p>\n","protected":false},"featured_media":13890,"template":"","meta":{"_acf_changed":false,"_et_pb_use_builder":"","_et_pb_old_content":"","_et_gb_content_width":""},"product_cat":[29],"product_tag":[],"acf":[],"_links":{"self":[{"href":"https:\/\/producersart.com\/index.php\/wp-json\/wp\/v2\/product\/13891"}],"collection":[{"href":"https:\/\/producersart.com\/index.php\/wp-json\/wp\/v2\/product"}],"about":[{"href":"https:\/\/producersart.com\/index.php\/wp-json\/wp\/v2\/types\/product"}],"wp:featuredmedia":[{"embeddable":true,"href":"https:\/\/producersart.com\/index.php\/wp-json\/wp\/v2\/media\/13890"}],"wp:attachment":[{"href":"https:\/\/producersart.com\/index.php\/wp-json\/wp\/v2\/media?parent=13891"}],"wp:term":[{"taxonomy":"product_cat","embeddable":true,"href":"https:\/\/producersart.com\/index.php\/wp-json\/wp\/v2\/product_cat?post=13891"},{"taxonomy":"product_tag","embeddable":true,"href":"https:\/\/producersart.com\/index.php\/wp-json\/wp\/v2\/product_tag?post=13891"}],"curies":[{"name":"wp","href":"https:\/\/api.w.org\/{rel}","templated":true}]}}