{"id":13805,"date":"2021-08-31T15:07:24","date_gmt":"2021-08-31T13:07:24","guid":{"rendered":"https:\/\/producersart.com\/?post_type=product&#038;p=13805"},"modified":"2021-09-29T20:07:12","modified_gmt":"2021-09-29T18:07:12","slug":"verstarkt-wird-alles-noch-wenn-man-es-mit-groserer-als-der-gewohnlichen-bedeutung-erkennt","status":"publish","type":"product","link":"https:\/\/producersart.com\/index.php\/product\/verstarkt-wird-alles-noch-wenn-man-es-mit-groserer-als-der-gewohnlichen-bedeutung-erkennt\/","title":{"rendered":"Verst\u00e4rkt wird alles noch, wenn man es mit gr\u00f6\u00dferer als der gew\u00f6hnlichen Bedeutung erkennt"},"content":{"rendered":"","protected":false},"excerpt":{"rendered":"","protected":false},"featured_media":13804,"template":"","meta":{"_acf_changed":false,"_et_pb_use_builder":"","_et_pb_old_content":"","_et_gb_content_width":""},"product_cat":[29],"product_tag":[],"acf":[],"_links":{"self":[{"href":"https:\/\/producersart.com\/index.php\/wp-json\/wp\/v2\/product\/13805"}],"collection":[{"href":"https:\/\/producersart.com\/index.php\/wp-json\/wp\/v2\/product"}],"about":[{"href":"https:\/\/producersart.com\/index.php\/wp-json\/wp\/v2\/types\/product"}],"wp:featuredmedia":[{"embeddable":true,"href":"https:\/\/producersart.com\/index.php\/wp-json\/wp\/v2\/media\/13804"}],"wp:attachment":[{"href":"https:\/\/producersart.com\/index.php\/wp-json\/wp\/v2\/media?parent=13805"}],"wp:term":[{"taxonomy":"product_cat","embeddable":true,"href":"https:\/\/producersart.com\/index.php\/wp-json\/wp\/v2\/product_cat?post=13805"},{"taxonomy":"product_tag","embeddable":true,"href":"https:\/\/producersart.com\/index.php\/wp-json\/wp\/v2\/product_tag?post=13805"}],"curies":[{"name":"wp","href":"https:\/\/api.w.org\/{rel}","templated":true}]}}