{"id":13740,"date":"2021-08-17T11:30:22","date_gmt":"2021-08-17T09:30:22","guid":{"rendered":"https:\/\/producersart.com\/?post_type=product&#038;p=13740"},"modified":"2021-08-17T12:57:11","modified_gmt":"2021-08-17T10:57:11","slug":"les-dents-du-midi-en-lumiere-daout","status":"publish","type":"product","link":"https:\/\/producersart.com\/index.php\/product\/les-dents-du-midi-en-lumiere-daout\/","title":{"rendered":"Les Dents- du-Midi en lumi\u00e8re d\u2019ao\u00fbt"},"content":{"rendered":"<p>&lt;blockquote&gt;<br \/>\n&lt;p style=&quot;text-align: right&quot;&gt;&lt;\/p&gt;<br \/>\n&lt;\/blockquote&gt;<\/p>\n","protected":false},"excerpt":{"rendered":"<p>Un paysage \u00ab\u00a0 interpr\u00e9t\u00e9\u00a0\u00bb de mon mod\u00e8le favori, les Alpes suisses. C\u2019est un couch\u00e9 de soleil, influenc\u00e9 par le peintre Ferdinand Hodler, consid\u00e8re l\u2019\u00e9quivalent suisse de Paul C\u00e9zanne.<\/p>\n","protected":false},"featured_media":13739,"template":"","meta":{"_acf_changed":false,"_et_pb_use_builder":"","_et_pb_old_content":"","_et_gb_content_width":""},"product_cat":[29],"product_tag":[],"acf":[],"_links":{"self":[{"href":"https:\/\/producersart.com\/index.php\/wp-json\/wp\/v2\/product\/13740"}],"collection":[{"href":"https:\/\/producersart.com\/index.php\/wp-json\/wp\/v2\/product"}],"about":[{"href":"https:\/\/producersart.com\/index.php\/wp-json\/wp\/v2\/types\/product"}],"wp:featuredmedia":[{"embeddable":true,"href":"https:\/\/producersart.com\/index.php\/wp-json\/wp\/v2\/media\/13739"}],"wp:attachment":[{"href":"https:\/\/producersart.com\/index.php\/wp-json\/wp\/v2\/media?parent=13740"}],"wp:term":[{"taxonomy":"product_cat","embeddable":true,"href":"https:\/\/producersart.com\/index.php\/wp-json\/wp\/v2\/product_cat?post=13740"},{"taxonomy":"product_tag","embeddable":true,"href":"https:\/\/producersart.com\/index.php\/wp-json\/wp\/v2\/product_tag?post=13740"}],"curies":[{"name":"wp","href":"https:\/\/api.w.org\/{rel}","templated":true}]}}