{"id":13611,"date":"2021-07-13T10:19:02","date_gmt":"2021-07-13T08:19:02","guid":{"rendered":"https:\/\/producersart.com\/?post_type=product&#038;p=13611"},"modified":"2021-07-13T10:19:03","modified_gmt":"2021-07-13T08:19:03","slug":"porto-2020-der-t4-von-meinem-besten-freund-hatte-auf-halbem-weg-nen-platten","status":"publish","type":"product","link":"https:\/\/producersart.com\/index.php\/product\/porto-2020-der-t4-von-meinem-besten-freund-hatte-auf-halbem-weg-nen-platten\/","title":{"rendered":"Porto 2020 &#8211; Der T4 von meinem besten Freund hatte auf halbem Weg &#8216;nen Platten."},"content":{"rendered":"<p>Alleine in Porto<\/p>\n<p>Lili sagte mir, ich m\u00fcsse unbedingt mal nach Portugal, den Duoro entlang bis zur Atlantikk\u00fcste. Toll w\u00e4re das, wundersch\u00f6n, unbeschreiblich und dann auch noch die Atlantikk\u00fcste. Am besten nehme man sich einen Van &#8211; am besten einen VW Bulli, T2, T3, T4, T5. Da w\u00e4re ich dann komplett frei, totale Freiheit in Portugal. Ich hasse Campen im Bulli oder Van, darum bin ich einfach direkt nach Lissabon geflogen und habe die Bahn nach Porto genommen. Der Plan war, dass ich in Porto dann Paul treffen w\u00fcrde, denn der liebt die Freiheit und konnte es sich nicht nehmen lassen den Van zu nehmen. Das Wetter in Nordportugal an der M\u00fcndung des fabelhaften Douro ist schei\u00dfe. Es regnet am laufenden Band und ich sitze seit f\u00fcnf Tagen alleine hier und versuche die Zeit umzubekommen. Paul hatte n\u00e4mlich auf etwa halber Strecke irgendwo im Burgund einen Platten.<\/p>\n<p>Ich hatte Paul eigentlich versprochen, nicht ins Kunstmuseum zu gehen, das ist sein Spezialgebiet und er liebt es w\u00e4hrend des gesamten Besuchs zu erkl\u00e4ren: Richard Serra hier &#8211; Dan Graham da. Ich habe keine Lust darauf und beschlie\u00dfe am sechsten Tag einfach alleine zu gehen, ins Serralves. Das Regenwetter nervt mich. Also gehe ich genervt ins Museum. Nach einer Stunde bin ich durch und setze mich ins Museumscaf\u00e9, das Casa de Ch\u00e1 de Serralves. Ich trinke einen Latte und esse ein Geb\u00e4ck. Als ich aufstehen m\u00f6chte, bemerke ich eine Frau, die bestimmten Schrittes auf mich zukommt. Sie setzt sich auf den Platz gegen\u00fcber &#8211; ich bin ziemlich perplex und finde keine Worte &#8211; sie mustert mich und blickt mir dann direkt in die Augen.<br \/>\n\u201e\u00c9s amigo do Paulo Soldado?\u201c<br \/>\nPaulo? Amigo? Ich verstehe die Welt nicht mehr und ihr Pagen-Schnitt zusammen mit den blauen Augen geben mir einen kurzen Schauer.<br \/>\n\u201ePaulo? Sorry, I don\u2018t understand.\u201c<br \/>\n\u201ePaulo &#8211; Paul Soldado, is he your friend? My name is Charline and I must know if you are the friend of Paulo. If you are: Call him now and tell him that you are together with Charline.\u201c<\/p>\n<p>Ihrem Englisch kann ich einen franz\u00f6sischen Akzent entnehmen, den ich auf Portugisisch noch nicht so wahrgenommen habe. Ich fange an zu zittern, das mache ich immer, wenn ich nerv\u00f6s werde. Erst zittere ich, dann fangen meine Gedanken an sich selbstst\u00e4ndig zu machen. Paul &#8211; Burgund &#8211; Porto &#8211; Freiheit &#8211; Platten. Ihr Name sei Charline.<\/p>\n","protected":false},"excerpt":{"rendered":"<p>Alleine in Porto Lili sagte mir, ich m\u00fcsse unbedingt mal nach Portugal, den Duoro entlang bis zur Atlantikk\u00fcste. Toll w\u00e4re das, wundersch\u00f6n, unbeschreiblich und dann auch noch die Atlantikk\u00fcste. Am besten nehme man sich einen Van &#8211; am besten einen VW Bulli, T2, T3, T4, T5. Da w\u00e4re ich dann komplett frei, totale Freiheit in [&hellip;]<\/p>\n","protected":false},"featured_media":13610,"template":"","meta":{"_acf_changed":false,"_et_pb_use_builder":"","_et_pb_old_content":"","_et_gb_content_width":""},"product_cat":[29],"product_tag":[],"acf":[],"_links":{"self":[{"href":"https:\/\/producersart.com\/index.php\/wp-json\/wp\/v2\/product\/13611"}],"collection":[{"href":"https:\/\/producersart.com\/index.php\/wp-json\/wp\/v2\/product"}],"about":[{"href":"https:\/\/producersart.com\/index.php\/wp-json\/wp\/v2\/types\/product"}],"wp:featuredmedia":[{"embeddable":true,"href":"https:\/\/producersart.com\/index.php\/wp-json\/wp\/v2\/media\/13610"}],"wp:attachment":[{"href":"https:\/\/producersart.com\/index.php\/wp-json\/wp\/v2\/media?parent=13611"}],"wp:term":[{"taxonomy":"product_cat","embeddable":true,"href":"https:\/\/producersart.com\/index.php\/wp-json\/wp\/v2\/product_cat?post=13611"},{"taxonomy":"product_tag","embeddable":true,"href":"https:\/\/producersart.com\/index.php\/wp-json\/wp\/v2\/product_tag?post=13611"}],"curies":[{"name":"wp","href":"https:\/\/api.w.org\/{rel}","templated":true}]}}