{"id":13542,"date":"2021-07-13T10:17:38","date_gmt":"2021-07-13T08:17:38","guid":{"rendered":"https:\/\/producersart.com\/?post_type=product&#038;p=13542"},"modified":"2021-07-13T10:17:39","modified_gmt":"2021-07-13T08:17:39","slug":"blatt-nr-5356","status":"publish","type":"product","link":"https:\/\/producersart.com\/index.php\/product\/blatt-nr-5356\/","title":{"rendered":"Blatt Nr. 5356"},"content":{"rendered":"<p>Projekt Kabinettformat<\/p>\n<p>Hier pr\u00e4sentiert Stellino ein Druckverfahren, bei denen jeweils ein Unikat entsteht. Die Herstellung von mehreren identischen Bl\u00e4ttern ist mit diesem Verfahren technisch nicht m\u00f6glich. Wie fast immer, arbeitet Stellino auf feuchtem Papier, wodurch die H\u00e4rte der Drucklinien gemildert wird. Trotz wenig n Farben kamen so feine \u00dcberg\u00e4nge in Grauwerten zustande. Die ganz leichte Einf\u00e4rbung des im Anschluss bedruckten, feuchten Bildfeldes bewirkt eine Art rahmende Begrenzung, die dem kleinen Motiv im viel gr\u00f6\u00dferen Blatt einen definierten Ort sicherte.<\/p>\n","protected":false},"excerpt":{"rendered":"<p>Projekt Kabinettformat<br \/>\nKleinformatige Papierarbeiten \/ Hochdruck &amp; Aquarell <\/p>\n","protected":false},"featured_media":13541,"template":"","meta":{"_acf_changed":false,"_et_pb_use_builder":"","_et_pb_old_content":"","_et_gb_content_width":""},"product_cat":[29],"product_tag":[],"acf":[],"_links":{"self":[{"href":"https:\/\/producersart.com\/index.php\/wp-json\/wp\/v2\/product\/13542"}],"collection":[{"href":"https:\/\/producersart.com\/index.php\/wp-json\/wp\/v2\/product"}],"about":[{"href":"https:\/\/producersart.com\/index.php\/wp-json\/wp\/v2\/types\/product"}],"wp:featuredmedia":[{"embeddable":true,"href":"https:\/\/producersart.com\/index.php\/wp-json\/wp\/v2\/media\/13541"}],"wp:attachment":[{"href":"https:\/\/producersart.com\/index.php\/wp-json\/wp\/v2\/media?parent=13542"}],"wp:term":[{"taxonomy":"product_cat","embeddable":true,"href":"https:\/\/producersart.com\/index.php\/wp-json\/wp\/v2\/product_cat?post=13542"},{"taxonomy":"product_tag","embeddable":true,"href":"https:\/\/producersart.com\/index.php\/wp-json\/wp\/v2\/product_tag?post=13542"}],"curies":[{"name":"wp","href":"https:\/\/api.w.org\/{rel}","templated":true}]}}