{"id":13019,"date":"2021-05-10T21:42:48","date_gmt":"2021-05-10T19:42:48","guid":{"rendered":"https:\/\/producersart.com\/?post_type=product&#038;p=13019"},"modified":"2022-02-25T20:04:58","modified_gmt":"2022-02-25T19:04:58","slug":"die-vogel-von-den-baumen-locken","status":"publish","type":"product","link":"https:\/\/producersart.com\/index.php\/product\/die-vogel-von-den-baumen-locken\/","title":{"rendered":"Die V\u00f6gel von den B\u00e4umen locken"},"content":{"rendered":"<p>Das \u00d6lbild (inzwischen verkauft) entstand im Kontext des Recherche-Projekts 2013-2015, beendet wurde das Werk 2020:<br \/>\nLUCIFERASENES LEUCHTEN<\/p>\n<p>Das Leuchtk\u00e4fer-Projekt war eine k\u00fcnstlerisch-poetische Untersuchung in den Sommermonaten von 2013 bis 2015 und steht im Kontext k\u00fcnstlerischer Feldforschung. Silke Silkeborg recherchierte in Zusammenarbeit mit deutschen und Schweizer Biologen das Vorkommen von Leuchtk\u00e4fern an verschiedenen Orten (Norditalien, Schweiz, \u00d6sterreich, Deutschland), um vor Ort nachts das Leuchtk\u00e4fer-Ph\u00e4nomen zu malen. Dabei versuchte sie den momenthaften Charakter des Erlebten, der \u201eVerfl\u00fcchtigung des lichten Augenblicks\u201c, durch die zeitintensive \u00dcberf\u00fchrung in Malerei entgegenzuwirken. Die Begeisterung \u00fcber die kleinen, pulsierenden, fl\u00fcchtigen und au\u00dferordentlich fragilen Gl\u00fchwurm-Lichter verweist sowohl auf unsere visuell biologische Pr\u00e4ferenz von Licht im Dunklen, als auch auf die in der Neugierde erzeugte Lust an der Beobachtung von Unbeschreiblichem, nicht vollst\u00e4ndig erkl\u00e4rbaren Erfahrungen. Tanzende Lichtsignale der balzenden Leuchtk\u00e4fer entdecken zu wollen ist das Begehren eines Erlebnisses, das nur im Dunklen stattfindet. Insgesamt sind durch die k\u00fcnstlerische Recherche 39 kleinformatige \u00d6lbil- der entstanden und einige Zeichnungen.<\/p>\n<p>\u201eEs gibt gen\u00fcgend Gr\u00fcnde, pessimistisch zu sein, gleichzeitig ist es aber umso notwendiger, im Dunkel der Nacht die Augen zu \u00f6ffnen, unabl\u00e4ssig in Bewegung zu sein und sich auf die Suche nach Gl\u00fchw\u00fcrmchen zu begeben.\u201c<\/p>\n<p>Georges Didi-Huberman<\/p>\n<p>The oil painting was created in the context of the research project 2013-2015, the work was finished in 2020:<br \/>\nLUCIFERASE LUMINESCENCE<\/p>\n<p>The Firefly Project was an artistic-poetic exploration undertaken during the summer months of 2013 to 2015 in the context of artistic field research. In collaboration with German and Swiss biologists, Silke Silkeborg conducted research on the distribution of fireflies at different locations (Northern Italy, Switzerland, Austria, Germany) with the aim of capturing the firefly phenomenon in painting, directly on site and at night. In the process, she attempted to counteract the momentary nature of the experience, the \u201cfleetingness of the lucid moment\u201d, through the time-consuming transferal into painting. The enthusiasm for the small, vibrant, fugitive and particularly fragile firefly lights derives both from our visual biological preference for light in the dark and our curious pleasure in encountering and studying such occurrences beyond description or explanation. The wish to discover the dancing light signals of the courting fireflies arises from a desire for an experience only to be made in the dark. This artistic research resulted in a total of 39 small-format paintings and several drawings.<\/p>\n<p>\u201cThere are plenty of reasons for being pessimistic, yet at the same time it is all the more necessary to open one\u2019s eyes in the dark of night, to be unrelentingly in motion and to set out in search of fireflies.\u201d<\/p>\n<p>Georges Didi-Huberman<\/p>\n","protected":false},"excerpt":{"rendered":"<p>Bilderrahmen, Schattenfuge, dunkel gebeizt<br \/>\nFramed<\/p>\n","protected":false},"featured_media":13018,"template":"","meta":{"_acf_changed":false,"_et_pb_use_builder":"","_et_pb_old_content":"","_et_gb_content_width":""},"product_cat":[29],"product_tag":[],"acf":[],"_links":{"self":[{"href":"https:\/\/producersart.com\/index.php\/wp-json\/wp\/v2\/product\/13019"}],"collection":[{"href":"https:\/\/producersart.com\/index.php\/wp-json\/wp\/v2\/product"}],"about":[{"href":"https:\/\/producersart.com\/index.php\/wp-json\/wp\/v2\/types\/product"}],"wp:featuredmedia":[{"embeddable":true,"href":"https:\/\/producersart.com\/index.php\/wp-json\/wp\/v2\/media\/13018"}],"wp:attachment":[{"href":"https:\/\/producersart.com\/index.php\/wp-json\/wp\/v2\/media?parent=13019"}],"wp:term":[{"taxonomy":"product_cat","embeddable":true,"href":"https:\/\/producersart.com\/index.php\/wp-json\/wp\/v2\/product_cat?post=13019"},{"taxonomy":"product_tag","embeddable":true,"href":"https:\/\/producersart.com\/index.php\/wp-json\/wp\/v2\/product_tag?post=13019"}],"curies":[{"name":"wp","href":"https:\/\/api.w.org\/{rel}","templated":true}]}}