{"id":12385,"date":"2021-03-29T21:27:20","date_gmt":"2021-03-29T19:27:20","guid":{"rendered":"https:\/\/producersart.com\/?post_type=product&#038;p=12385"},"modified":"2023-03-31T23:43:58","modified_gmt":"2023-03-31T21:43:58","slug":"sbcast-no-01","status":"publish","type":"product","link":"https:\/\/producersart.com\/index.php\/product\/sbcast-no-01\/","title":{"rendered":"SBCAST no. 01"},"content":{"rendered":"<p>Beate Tischer schildert in ihren gro\u00dfformatigen Gem\u00e4lden dynamische Architektursequenzen\u00a0 und hinterfragt unser Empfinden von Raum und Umraum auf einer \u00e4sthetisch-emotionalen Ebene von Stabilit\u00e4t und Fragilit\u00e4t, von Licht und Verschattung. Extreme Sichtachsen erzeugen irritierende Raumfluchten und thematisieren die Diversit\u00e4t in der Wahrnehmung von Architektur. (Dr. Karla Bilang)<\/p>\n<p>In her large format paintings Beate Tischer depicts dynamic architectural sequences, questioning our collective perception of space and our surroundings on aesthetic and emotional levels by addressing stability and fragility, light and shadow. Extreme lines of sight create perplexing spatial alignments, probing perceptions of architecture in their diverse forms. (Dr. Karla Bilang)<\/p>\n<p>SBCAST \/\/ Santa Barbara Center for Art, Science and Technology<\/p>\n","protected":false},"excerpt":{"rendered":"<p>Beate Tischer schildert in ihren gro\u00dfformatigen Gem\u00e4lden dynamische Architektursequenzen\u00a0 und hinterfragt unser Empfinden von Raum und Umraum auf einer \u00e4sthetisch-emotionalen Ebene von Stabilit\u00e4t und Fragilit\u00e4t, von Licht und Verschattung. Extreme Sichtachsen erzeugen irritierende Raumfluchten und thematisieren die Diversit\u00e4t in der Wahrnehmung von Architektur. (Dr. Karla Bilang) In her large format paintings Beate Tischer depicts dynamic [&hellip;]<\/p>\n","protected":false},"featured_media":12384,"template":"","meta":{"_acf_changed":false,"_et_pb_use_builder":"","_et_pb_old_content":"","_et_gb_content_width":""},"product_cat":[29],"product_tag":[],"acf":[],"_links":{"self":[{"href":"https:\/\/producersart.com\/index.php\/wp-json\/wp\/v2\/product\/12385"}],"collection":[{"href":"https:\/\/producersart.com\/index.php\/wp-json\/wp\/v2\/product"}],"about":[{"href":"https:\/\/producersart.com\/index.php\/wp-json\/wp\/v2\/types\/product"}],"wp:featuredmedia":[{"embeddable":true,"href":"https:\/\/producersart.com\/index.php\/wp-json\/wp\/v2\/media\/12384"}],"wp:attachment":[{"href":"https:\/\/producersart.com\/index.php\/wp-json\/wp\/v2\/media?parent=12385"}],"wp:term":[{"taxonomy":"product_cat","embeddable":true,"href":"https:\/\/producersart.com\/index.php\/wp-json\/wp\/v2\/product_cat?post=12385"},{"taxonomy":"product_tag","embeddable":true,"href":"https:\/\/producersart.com\/index.php\/wp-json\/wp\/v2\/product_tag?post=12385"}],"curies":[{"name":"wp","href":"https:\/\/api.w.org\/{rel}","templated":true}]}}