{"id":12247,"date":"2021-03-29T21:43:51","date_gmt":"2021-03-29T19:43:51","guid":{"rendered":"https:\/\/producersart.com\/?post_type=product&#038;p=12247"},"modified":"2021-03-29T21:43:52","modified_gmt":"2021-03-29T19:43:52","slug":"habitat","status":"publish","type":"product","link":"https:\/\/producersart.com\/index.php\/product\/habitat\/","title":{"rendered":"habitat"},"content":{"rendered":"<p>Homme Food \/ Homeless<br \/>\nErn\u00e4hrung ist Kultur. Immer schon und heute mehr denn je.<br \/>\nErn\u00e4hrung war und ist zun\u00e4chst eine pure Notwendigkeit, eine oft dramatische Frage des<br \/>\n\u00dcberlebens, abh\u00e4ngig von den Ressourcen und Launen der Natur und nicht zuletzt des Geldes.<br \/>\nKann man es sich leisten und hat man die Wahl \u00fcberh\u00f6ht sich das grundlegende Bed\u00fcrfnis der<br \/>\nNahrungsaufnahme zunehmend zu einem Kodex. Was darf man essen, was ist moralisch,<br \/>\n\u00f6kologisch, ern\u00e4hrungsphysiologisch legitimiert?<br \/>\n\u00dcber die Ern\u00e4hrung erfahren wir die Anf\u00e4nge unserer pers\u00f6nlichen und kulturellen Identit\u00e4t. Noch<br \/>\nvor dem Erlernen jeglicher Sprache ist die Nahrungsaufnahme f\u00fcr das Kind die erste und vielleicht<br \/>\nintensivste Kommunikationsform mit seiner h\u00e4uslichen Umgebung. Was wir dann essen, wie wir<br \/>\nessen sind Werte, Sch\u00e4tze und Gebr\u00e4uche des Kulturraumes in den wir hineinwachsen.<br \/>\nDiese Kulturr\u00e4ume sind nicht statisch, waren es nie. Handels- und Reisebewegungen brachten uns<br \/>\nals kulturelle Botschafter die majest\u00e4tischen D\u00fcfte der Gew\u00fcrze. Und was w\u00e4re eine Welt ohne<br \/>\nZimt, Kakao, Pfeffer, Muskatnuss? Sch\u00e4tze, die einst mehr wert waren als ein Menschenleben.<br \/>\nWo immer Menschen in Bewegung sind, gewollt oder gezwungenerma\u00dfen, bringen sie diese<br \/>\nIdentit\u00e4t mit. Ger\u00fcche und Geschmackserlebnisse sind Bindeglied zu ihrem Kulturraum, lassen<br \/>\nsie auch in ihnen fremden L\u00e4ndern und R\u00e4umen ihre Herkunft nicht vergessen. Ern\u00e4hrung als klare<br \/>\nkulturelle Identit\u00e4t erdet den Menschen, wo immer er sich aufh\u00e4lt und sie bietet immer auch eine<br \/>\nKommunikationsm\u00f6glichkeit zu und zwischen dem was fremd ist.<br \/>\nUm diese Identit\u00e4t zu leben sucht der Mensch nach Raum, an dem er sich niederlassen kann.<br \/>\nDie Installation Homme Food\/Homeless thematisiert diesen Zusammenhang. Die Suche des<br \/>\nMenschen nach Wohnraum \u201eHabitat\u201c ist immer auch die Suche nach einem Ort, der ihm Schutz<br \/>\nund Raum f\u00fcr seine kulturelle Identit\u00e4t bietet.<br \/>\nErn\u00e4hrung ist eine grundlegende Form dieser Identit\u00e4t.<\/p>\n","protected":false},"excerpt":{"rendered":"<p>Metallobjekt . 300x285x55cm. (aufgebaut)wei\u00df beschichtet<br \/>\nAuflage 5\/5<br \/>\nable 4 pieces <\/p>\n","protected":false},"featured_media":12246,"template":"","meta":{"_acf_changed":false,"_et_pb_use_builder":"","_et_pb_old_content":"","_et_gb_content_width":""},"product_cat":[29],"product_tag":[],"acf":[],"_links":{"self":[{"href":"https:\/\/producersart.com\/index.php\/wp-json\/wp\/v2\/product\/12247"}],"collection":[{"href":"https:\/\/producersart.com\/index.php\/wp-json\/wp\/v2\/product"}],"about":[{"href":"https:\/\/producersart.com\/index.php\/wp-json\/wp\/v2\/types\/product"}],"wp:featuredmedia":[{"embeddable":true,"href":"https:\/\/producersart.com\/index.php\/wp-json\/wp\/v2\/media\/12246"}],"wp:attachment":[{"href":"https:\/\/producersart.com\/index.php\/wp-json\/wp\/v2\/media?parent=12247"}],"wp:term":[{"taxonomy":"product_cat","embeddable":true,"href":"https:\/\/producersart.com\/index.php\/wp-json\/wp\/v2\/product_cat?post=12247"},{"taxonomy":"product_tag","embeddable":true,"href":"https:\/\/producersart.com\/index.php\/wp-json\/wp\/v2\/product_tag?post=12247"}],"curies":[{"name":"wp","href":"https:\/\/api.w.org\/{rel}","templated":true}]}}