{"id":12176,"date":"2021-03-07T18:47:09","date_gmt":"2021-03-07T17:47:09","guid":{"rendered":"https:\/\/producersart.com\/?post_type=product&#038;p=12176"},"modified":"2021-03-10T16:03:11","modified_gmt":"2021-03-10T15:03:11","slug":"blue-bird","status":"publish","type":"product","link":"https:\/\/producersart.com\/index.php\/product\/blue-bird\/","title":{"rendered":"Blue bird"},"content":{"rendered":"<p>&lt;span style=&quot;vertical-align: inherit&quot;&gt;&lt;span style=&quot;vertical-align: inherit&quot;&gt;Am 14.12.2020 hatten wir eine totale Sonnenfinsternis im Sternzeichen Sch\u00fctze. &lt;\/span&gt;&lt;\/span&gt;<br \/>\n&lt;span style=&quot;vertical-align: inherit&quot;&gt;&lt;span style=&quot;vertical-align: inherit&quot;&gt;Die sabische Symbol f\u00fcr diesen Tag: &quot;Eine Drossel singt vor der Haust\u00fcr&quot; &lt;\/span&gt;&lt;\/span&gt;<br \/>\n&lt;span style=&quot;vertical-align: inherit&quot;&gt;&lt;span style=&quot;vertical-align: inherit&quot;&gt;Die Nachricht von der kleinen Drossel: &lt;\/span&gt;&lt;\/span&gt;<br \/>\n&lt;span style=&quot;vertical-align: inherit&quot;&gt;&lt;span style=&quot;vertical-align: inherit&quot;&gt;Es ist gut f\u00fcr sie alle &#8230; &lt;\/span&gt;&lt;\/span&gt;<br \/>\n&lt;span style=&quot;vertical-align: inherit&quot;&gt;&lt;span style=&quot;vertical-align: inherit&quot;&gt;Drossel Erinnert daran, Dass Gl\u00fcck und erf\u00fcllung in greifbarer N\u00e4he Liegen. &lt;\/span&gt;&lt;\/span&gt;<br \/>\n&lt;span style=&quot;vertical-align: inherit&quot;&gt;&lt;span style=&quot;vertical-align: inherit&quot;&gt;Es ist einfach, sich in den Details des Lebenslebens zu vertiefen\u2026 &lt;\/span&gt;&lt;\/span&gt;<br \/>\n&lt;span style=&quot;vertical-align: inherit&quot;&gt;&lt;span style=&quot;vertical-align: inherit&quot;&gt;Wo Dinge wie Stress und Rechte uns eifrig von einer Aufgabe zur F\u00f6rderung bewegen lassen. &lt;\/span&gt;&lt;\/span&gt;<br \/>\n&lt;span style=&quot;vertical-align: inherit&quot;&gt;&lt;span style=&quot;vertical-align: inherit&quot;&gt;Aber die kleine Drossel? &lt;\/span&gt;&lt;\/span&gt;<br \/>\n&lt;span style=&quot;vertical-align: inherit&quot;&gt;&lt;span style=&quot;vertical-align: inherit&quot;&gt;Es findet immer die Zeit, sanft durch den Himmel zu tanzen, geduldig sein Weg durch das Leben zu &lt;\/span&gt;&lt;\/span&gt;<br \/>\n&lt;span style=&quot;vertical-align: inherit&quot;&gt;&lt;span style=&quot;vertical-align: inherit&quot;&gt;finden und das Lied seine eigene Wahrheit zu singen. &lt;\/span&gt;&lt;\/span&gt;<br \/>\n&lt;span style=&quot;vertical-align: inherit&quot;&gt;&lt;span style=&quot;vertical-align: inherit&quot;&gt;Das Bluebirds-Lied ist voller Freude und Verspielheit.&lt;\/span&gt;&lt;\/span&gt;<br \/>\n&lt;span style=&quot;vertical-align: inherit&quot;&gt;&lt;span style=&quot;vertical-align: inherit&quot;&gt;Es handelt sich um uns sanftes, uns zu entspannen, loses Leben, das Leben nicht mehr so \u200b\u200bernst zu nehmen &lt;\/span&gt;&lt;\/span&gt;<br \/>\n&lt;span style=&quot;vertical-align: inherit&quot;&gt;&lt;span style=&quot;vertical-align: inherit&quot;&gt;und uns die Zeit zu nehmen, einfach zu nehmen.Bluebirds geh\u00f6rt sich auch frei aus. &lt;\/span&gt;&lt;span style=&quot;vertical-align: inherit&quot;&gt;Es gibt kein Urteil &lt;\/span&gt;&lt;\/span&gt;<br \/>\n&lt;span style=&quot;vertical-align: inherit&quot;&gt;&lt;span style=&quot;vertical-align: inherit&quot;&gt;oder Zweifel. &lt;\/span&gt;&lt;\/span&gt;<br \/>\n&lt;span style=&quot;vertical-align: inherit&quot;&gt;&lt;span style=&quot;vertical-align: inherit&quot;&gt;Sie geben sich wirklich alle M\u00fche, um Konfrontationen zu haben, obwohl sie unzufrieden sind und &lt;\/span&gt;&lt;\/span&gt;<br \/>\n&lt;span style=&quot;vertical-align: inherit&quot;&gt;&lt;span style=&quot;vertical-align: inherit&quot;&gt;sich selbst bewusst geworden sind, wenn es sich darum handelt. &lt;\/span&gt;&lt;\/span&gt;<br \/>\n&lt;span style=&quot;vertical-align: inherit&quot;&gt;&lt;span style=&quot;vertical-align: inherit&quot;&gt;Ich mag diese Bedeutung sehr und sie war Anlass und Inspiration f\u00fcr meine Arbeit \u201eblauer Vogel\u201c, im Jahr &lt;\/span&gt;&lt;\/span&gt;<br \/>\n&lt;span style=&quot;vertical-align: inherit&quot;&gt;&lt;span style=&quot;vertical-align: inherit&quot;&gt;der Corona Pandemie, Dezember 2020.&lt;\/span&gt;&lt;\/span&gt;<\/p>\n","protected":false},"excerpt":{"rendered":"<p>&lt;span style=&quot;vertical-align: inherit&quot;&gt;&lt;span style=&quot;vertical-align: inherit&quot;&gt;Am 14.12.2020 hatten wir eine totale Sonnenfinsternis im Sternzeichen Sch\u00fctze. &lt;\/span&gt;&lt;\/span&gt; &lt;span style=&quot;vertical-align: inherit&quot;&gt;&lt;span style=&quot;vertical-align: inherit&quot;&gt;Die sabische Symbol f\u00fcr diesen Tag: &quot;Eine Drossel singt vor der Haust\u00fcr&quot; &lt;\/span&gt;&lt;\/span&gt; &lt;span style=&quot;vertical-align: inherit&quot;&gt;&lt;span style=&quot;vertical-align: inherit&quot;&gt;Die Nachricht von der kleinen Drossel: &lt;\/span&gt;&lt;\/span&gt; &lt;span style=&quot;vertical-align: inherit&quot;&gt;&lt;span style=&quot;vertical-align: inherit&quot;&gt;Es ist gut f\u00fcr sie alle &#8230; &lt;\/span&gt;&lt;\/span&gt; [&hellip;]<\/p>\n","protected":false},"featured_media":12175,"template":"","meta":{"_acf_changed":false,"_et_pb_use_builder":"","_et_pb_old_content":"","_et_gb_content_width":""},"product_cat":[29],"product_tag":[],"acf":[],"_links":{"self":[{"href":"https:\/\/producersart.com\/index.php\/wp-json\/wp\/v2\/product\/12176"}],"collection":[{"href":"https:\/\/producersart.com\/index.php\/wp-json\/wp\/v2\/product"}],"about":[{"href":"https:\/\/producersart.com\/index.php\/wp-json\/wp\/v2\/types\/product"}],"wp:featuredmedia":[{"embeddable":true,"href":"https:\/\/producersart.com\/index.php\/wp-json\/wp\/v2\/media\/12175"}],"wp:attachment":[{"href":"https:\/\/producersart.com\/index.php\/wp-json\/wp\/v2\/media?parent=12176"}],"wp:term":[{"taxonomy":"product_cat","embeddable":true,"href":"https:\/\/producersart.com\/index.php\/wp-json\/wp\/v2\/product_cat?post=12176"},{"taxonomy":"product_tag","embeddable":true,"href":"https:\/\/producersart.com\/index.php\/wp-json\/wp\/v2\/product_tag?post=12176"}],"curies":[{"name":"wp","href":"https:\/\/api.w.org\/{rel}","templated":true}]}}