{"id":12071,"date":"2021-02-20T17:22:29","date_gmt":"2021-02-20T16:22:29","guid":{"rendered":"https:\/\/producersart.com\/?post_type=product&#038;p=12071"},"modified":"2021-02-20T17:22:30","modified_gmt":"2021-02-20T16:22:30","slug":"tanzerin","status":"publish","type":"product","link":"https:\/\/producersart.com\/index.php\/product\/tanzerin\/","title":{"rendered":"T\u00e4nzerin"},"content":{"rendered":"<p>\u201eOhne den urspr\u00fcnglichen Steincharakter zu verlieren, erhalten seine Werke durch die Bearbeitung eine eigenst\u00e4ndige K\u00f6rperlichkeit, eine Pr\u00e4senz im Raum. Er folgt einer Bewegung, einer flie\u00dfenden Linie, die plastische Substanz gewinnt.<\/p>\n<p>Die Abstraktion hebt die Natur\u00e4hnlichkeit auf, ohne den Bezug zu verleugnen. Von der organischen Volumenplastik hin zur Synthese der reinen Form, von der geschlossenen oder durchbrochenen Form bis hin zur Anpassung an einen spezifischen Ort eint das Werk von Kristian Niemann das Geistige mit dem Materiellen.<\/p>\n<p>Der Stein bietet die M\u00f6glichkeit, eine \u00e4sthetische Formulierung zu finden, um Wahrnehmung und Vorstellung, das Sensuelle mit dem Spirituellen zu kombinieren und auch eine metaphysische Ebene anzusprechen. So sind seine Gebilde nicht so sehr Skulpturen, sondern physisch gewordene sinnliche Ereignisse\u201c<\/p>\n<p>(Andrea Brockmann \/ Kunsthistorikerin)<\/p>\n<p>&nbsp;<\/p>\n","protected":false},"excerpt":{"rendered":"<p>Eine Skulptur aus Baumberger Sandstein auf einem Sockel aus Granit.<\/p>\n","protected":false},"featured_media":12070,"template":"","meta":{"_acf_changed":false,"_et_pb_use_builder":"","_et_pb_old_content":"","_et_gb_content_width":""},"product_cat":[29],"product_tag":[],"acf":[],"_links":{"self":[{"href":"https:\/\/producersart.com\/index.php\/wp-json\/wp\/v2\/product\/12071"}],"collection":[{"href":"https:\/\/producersart.com\/index.php\/wp-json\/wp\/v2\/product"}],"about":[{"href":"https:\/\/producersart.com\/index.php\/wp-json\/wp\/v2\/types\/product"}],"wp:featuredmedia":[{"embeddable":true,"href":"https:\/\/producersart.com\/index.php\/wp-json\/wp\/v2\/media\/12070"}],"wp:attachment":[{"href":"https:\/\/producersart.com\/index.php\/wp-json\/wp\/v2\/media?parent=12071"}],"wp:term":[{"taxonomy":"product_cat","embeddable":true,"href":"https:\/\/producersart.com\/index.php\/wp-json\/wp\/v2\/product_cat?post=12071"},{"taxonomy":"product_tag","embeddable":true,"href":"https:\/\/producersart.com\/index.php\/wp-json\/wp\/v2\/product_tag?post=12071"}],"curies":[{"name":"wp","href":"https:\/\/api.w.org\/{rel}","templated":true}]}}