{"id":11550,"date":"2021-01-28T17:58:50","date_gmt":"2021-01-28T16:58:50","guid":{"rendered":"https:\/\/producersart.com\/?post_type=product&#038;p=11550"},"modified":"2021-01-28T17:58:51","modified_gmt":"2021-01-28T16:58:51","slug":"entscheidung","status":"publish","type":"product","link":"https:\/\/producersart.com\/index.php\/product\/entscheidung\/","title":{"rendered":"Entscheidung"},"content":{"rendered":"<p>\u201eKristian Niemanns bevorzugter Werkstoff ist Stein bzw. sind Gesteine. \u00a0Die erdgeschichtliche Evolution erscheint in den Gesteinsarten mit ihren unterschiedlichen Strukturen: das erstarrte Magma aus der Tiefe der Erdkruste wie der Granit, Eruptiv- und Sedimentgesteine oder die metamorphen Gesteine wie der Marmor, mal grobk\u00f6rnig, mal mit feink\u00f6rnigem Strukturbild, voll- oder feinkristalline Gef\u00fcge, gewolkte und gefleckte Oberfl\u00e4chen, mit farblichen Texturen und glitzernden Bruchstellen. All\u2019 diese Eigenschaften sind in der undurchdringlich erscheinenden Masse, die so etwas Gewordenes darstellt, ablesbar \u2013 wenn man die Sprache so beherrscht wie Kristian Niemann. Ohne den urspr\u00fcnglichen Steincharakter zu verlieren, erhalten seine Werke durch die Bearbeitung eine eigenst\u00e4ndige K\u00f6rperlichkeit, eine Pr\u00e4senz im Raum. Er folgt einer Bewegung, einer flie\u00dfenden Linie, die plastische Substanz gewinnt.<\/p>\n<p>Die Abstraktion hebt die Natur\u00e4hnlichkeit auf, ohne den Bezug zu verleugnen. Von der organischen Volumenplastik hin zur Synthese der reinen Form, von der geschlossenen oder durchbrochenen Form bis hin zur Anpassung an einen spezifischen Ort eint das Werk von Kristian Niemann das Geistige mit dem Materiellen. Ob die Skulptur aus einem Block geschlagen wurde oder aus mehreren Einzelteilen zusammengef\u00fcgt wird, ob der K\u00fcnstler sie fragmentarisch dargestellt oder von der Idee des Ganzen geleitet wird, von innen nach au\u00dfen oder auf umgekehrtem Wege bearbeitet hat, eines ist allen gemein: beim Arbeiten in Stein lassen sich Leben, Emotionen, Energien durch eine W\u00f6lbung des Steins, eine simple Kante oder eine Unregelm\u00e4\u00dfigkeit ausdr\u00fccken. Somit bietet der Stein die M\u00f6glichkeit, eine \u00e4sthetische Formulierung zu finden, um Wahrnehmung und Vorstellung, das Sensuelle mit dem Spirituellen zu kombinieren und auch eine metaphysische Ebene anzusprechen. So sind seine Gebilde nicht so sehr Skulpturen, sondern physisch gewordene sinnliche Ereignisse\u201c.<\/p>\n<p>Dr. Andrea Brockmann (Kunsthistorikerin)<\/p>\n<p>&nbsp;<\/p>\n","protected":false},"excerpt":{"rendered":"<p>Skulptur aus Diabas auf einem Sockel aus Anr\u00f6chter Sandstein<\/p>\n","protected":false},"featured_media":11549,"template":"","meta":{"_acf_changed":false,"_et_pb_use_builder":"","_et_pb_old_content":"","_et_gb_content_width":""},"product_cat":[29],"product_tag":[],"acf":[],"_links":{"self":[{"href":"https:\/\/producersart.com\/index.php\/wp-json\/wp\/v2\/product\/11550"}],"collection":[{"href":"https:\/\/producersart.com\/index.php\/wp-json\/wp\/v2\/product"}],"about":[{"href":"https:\/\/producersart.com\/index.php\/wp-json\/wp\/v2\/types\/product"}],"wp:featuredmedia":[{"embeddable":true,"href":"https:\/\/producersart.com\/index.php\/wp-json\/wp\/v2\/media\/11549"}],"wp:attachment":[{"href":"https:\/\/producersart.com\/index.php\/wp-json\/wp\/v2\/media?parent=11550"}],"wp:term":[{"taxonomy":"product_cat","embeddable":true,"href":"https:\/\/producersart.com\/index.php\/wp-json\/wp\/v2\/product_cat?post=11550"},{"taxonomy":"product_tag","embeddable":true,"href":"https:\/\/producersart.com\/index.php\/wp-json\/wp\/v2\/product_tag?post=11550"}],"curies":[{"name":"wp","href":"https:\/\/api.w.org\/{rel}","templated":true}]}}